{"id":2000,"date":"2021-10-05T09:57:27","date_gmt":"2021-10-05T07:57:27","guid":{"rendered":"https:\/\/www.parthages.be\/eboutique\/?post_type=product&#038;p=2000"},"modified":"2021-10-05T09:57:27","modified_gmt":"2021-10-05T07:57:27","slug":"le-corps-capacitaire-une-performativite-du-vivant","status":"publish","type":"product","link":"https:\/\/www.parthages.be\/eboutique\/produit\/le-corps-capacitaire-une-performativite-du-vivant\/","title":{"rendered":"Le corps capacitaire : Une performativit\u00e9 du vivant"},"content":{"rendered":"<p>Centr\u00e9 sur le handicap et plus particuli\u00e8rement le handicap physique n\u00e9cessitant le port d&rsquo;une proth\u00e8se, l\u2019ouvrage de Bernard Andrieu nous permet de d\u00e9couvrir, par des cas concrets, que les limites du handicap peuvent \u00eatre repouss\u00e9es. Pour en arriver \u00e0 ces conclusions, l\u2019auteur op\u00e8re un bref rappel de l\u2019\u00e9volution des proth\u00e8ses, partant d\u2019une p\u00e9riode ant\u00e9rieure \u00e0 la naissance de J. C. et remontant jusqu\u2019 \u00e0 l\u2019\u00e9poque contemporaine, p\u00e9riode sur laquelle il s\u2019attarde plus particuli\u00e8rement \u00e0 travers deux exemples significatifs : le cas de son grand-p\u00e8re, bless\u00e9 de guerre et vivant avec une proth\u00e8se de la jambe, et celui du c\u00e9l\u00e8bre sportif Oscar Pistorius, amput\u00e9 sous les deux genoux. Ainsi, Bernard Andrieu nous invite \u00e0 r\u00e9fl\u00e9chir sur la nature des nouvelles limites du handicap et sur la possibilit\u00e9 de les repousser gr\u00e2ce \u00e0 cette cr\u00e9ation transhumaine d\u2019une biologie synth\u00e9tique (Pr\u00e9sentation de l\u2019\u00e9diteur)<\/p>\n<p>ANDRIEU B.<\/p>\n<p>Presses Universitaires de Paris Nanterre<\/p>\n<p>2018-110p.<\/p>\n<p>ISBN: 978-2-84016-295-7<\/p>\n<p>Cote doc: 7-10-AND-C<\/p>\n<p><strong><em>Uniquement \u00e0 la location<\/em><\/strong><\/p>\n<span class=\"et_bloom_bottom_trigger\"><\/span>","protected":false},"excerpt":{"rendered":"<p>Centr\u00e9 sur le handicap et plus particuli\u00e8rement le handicap physique n\u00e9cessitant le port d&rsquo;une proth\u00e8se, l\u2019ouvrage de Bernard Andrieu nous permet de d\u00e9couvrir, par des cas concrets, que les limites du handicap peuvent \u00eatre repouss\u00e9es.<\/p>\n","protected":false},"featured_media":2001,"comment_status":"closed","ping_status":"closed","template":"","meta":{"_et_pb_use_builder":"","_et_pb_old_content":"","_et_gb_content_width":"","spay_email":""},"class_list":["post-2000","product","type-product","status-publish","has-post-thumbnail","hentry","product_cat-livres","product_tag-ethique","product_tag-image-de-soi","product_tag-image-du-handicap","product_tag-prothese","product_tag-regard","product_tag-techniques"],"jetpack_sharing_enabled":true,"jetpack_likes_enabled":true,"_links":{"self":[{"href":"https:\/\/www.parthages.be\/eboutique\/wp-json\/wp\/v2\/product\/2000","targetHints":{"allow":["GET"]}}],"collection":[{"href":"https:\/\/www.parthages.be\/eboutique\/wp-json\/wp\/v2\/product"}],"about":[{"href":"https:\/\/www.parthages.be\/eboutique\/wp-json\/wp\/v2\/types\/product"}],"replies":[{"embeddable":true,"href":"https:\/\/www.parthages.be\/eboutique\/wp-json\/wp\/v2\/comments?post=2000"}],"wp:featuredmedia":[{"embeddable":true,"href":"https:\/\/www.parthages.be\/eboutique\/wp-json\/wp\/v2\/media\/2001"}],"wp:attachment":[{"href":"https:\/\/www.parthages.be\/eboutique\/wp-json\/wp\/v2\/media?parent=2000"}],"curies":[{"name":"wp","href":"https:\/\/api.w.org\/{rel}","templated":true}]}}