{"id":2009,"date":"2021-10-05T10:07:54","date_gmt":"2021-10-05T08:07:54","guid":{"rendered":"https:\/\/www.parthages.be\/eboutique\/?post_type=product&#038;p=2009"},"modified":"2021-10-05T10:07:54","modified_gmt":"2021-10-05T08:07:54","slug":"savoir-rediger-une-possibilite-pour-tous-2","status":"publish","type":"product","link":"https:\/\/www.parthages.be\/eboutique\/produit\/savoir-rediger-une-possibilite-pour-tous-2\/","title":{"rendered":"Savoir r\u00e9diger : une possibilit\u00e9 pour tous"},"content":{"rendered":"<p>Il s&rsquo;agit ici de r\u00e9concilier le praticien et le chercheur. A partir de sa longue pratique et de ses diverses exp\u00e9riences, l&rsquo;auteur plaide pour une r\u00e9volution p\u00e9dagogique qui permettrait aux \u00ab\u00a0ex\u00e9cutants\u00a0\u00bb, aux simples praticiens de devenir praticiens \u00ab\u00a0r\u00e9flexifs\u00a0\u00bb, praticiens-chercheurs, co-construisant les savoirs professionnels changeants dont ils ont besoin. (Pr\u00e9sentation de l\u2019\u00e9diteur)<\/p>\n<p>DROUARD H.<\/p>\n<p>Editions L&rsquo;Harmattan<\/p>\n<p>2006-224p-23\u20ac<\/p>\n<p>310gr<\/p>\n<p>ISBN: 2-296-01514-X<\/p>\n<p>Cote doc: 4-60-DRO-F<\/p>\n<span class=\"et_bloom_bottom_trigger\"><\/span>","protected":false},"excerpt":{"rendered":"<p>Il s&rsquo;agit ici de r\u00e9concilier le praticien et le chercheur. A partir de sa longue pratique et de ses diverses exp\u00e9riences, l&rsquo;auteur plaide pour une r\u00e9volution p\u00e9dagogique qui permettrait aux \u00ab\u00a0ex\u00e9cutants\u00a0\u00bb, aux simples praticiens de devenir praticiens \u00ab\u00a0r\u00e9flexifs\u00a0\u00bb, praticiens-chercheurs, co-construisant les savoirs professionnels changeants dont ils ont besoin. (Pr\u00e9sentation de l\u2019\u00e9diteur)<\/p>\n","protected":false},"featured_media":0,"comment_status":"closed","ping_status":"closed","template":"","meta":{"_et_pb_use_builder":"","_et_pb_old_content":"","_et_gb_content_width":"","spay_email":""},"class_list":["post-2009","product","type-product","status-publish","hentry","product_cat-livres","product_tag-formation-professionnelle","product_tag-intervenant","product_tag-medecin","product_tag-methodologie","product_tag-recherche-en-sante","product_tag-therapeutique"],"jetpack_sharing_enabled":true,"jetpack_likes_enabled":true,"_links":{"self":[{"href":"https:\/\/www.parthages.be\/eboutique\/wp-json\/wp\/v2\/product\/2009","targetHints":{"allow":["GET"]}}],"collection":[{"href":"https:\/\/www.parthages.be\/eboutique\/wp-json\/wp\/v2\/product"}],"about":[{"href":"https:\/\/www.parthages.be\/eboutique\/wp-json\/wp\/v2\/types\/product"}],"replies":[{"embeddable":true,"href":"https:\/\/www.parthages.be\/eboutique\/wp-json\/wp\/v2\/comments?post=2009"}],"wp:attachment":[{"href":"https:\/\/www.parthages.be\/eboutique\/wp-json\/wp\/v2\/media?parent=2009"}],"curies":[{"name":"wp","href":"https:\/\/api.w.org\/{rel}","templated":true}]}}