{"id":2015,"date":"2021-10-05T10:14:05","date_gmt":"2021-10-05T08:14:05","guid":{"rendered":"https:\/\/www.parthages.be\/eboutique\/?post_type=product&#038;p=2015"},"modified":"2021-10-05T10:14:05","modified_gmt":"2021-10-05T08:14:05","slug":"handicap-lecture-et-bibliotheques","status":"publish","type":"product","link":"https:\/\/www.parthages.be\/eboutique\/produit\/handicap-lecture-et-bibliotheques\/","title":{"rendered":"Handicap lecture et biblioth\u00e8ques"},"content":{"rendered":"<p>Colloque organis\u00e9 sur le th\u00e8me \u00ab\u00a0handicap lecture et biblioth\u00e8ques\u00a0\u00bb avec comme sujets trait\u00e9s :<\/p>\n<p>&#8211; les probl\u00e8mes g\u00e9n\u00e9raux d&rsquo;insertion (handicap et r\u00e9habilitation, accessibilit\u00e9 de l&rsquo;environnement : l\u00e9gislation, relation d&rsquo;aide et handicap, t\u00e9moignage d&rsquo;une biblioth\u00e9caire).<\/p>\n<p>&#8211; L&rsquo;acc\u00e8s aux \u00e9tudes sup\u00e9rieures : (du baccalaur\u00e9at aux \u00e9tudes sup\u00e9rieures : probl\u00e8mes rencontr\u00e9s par les handicap\u00e9s, les \u00e9tudiants \u00e0 audition ou vision d\u00e9ficiente et l&rsquo;enseignement sup\u00e9rieur, les \u00e9tudiants handicap\u00e9s visuels et l&rsquo;acc\u00e8s \u00e0 la documentation), l&rsquo;acc\u00e8s aux biblioth\u00e8ques : (accueil des handicap\u00e9s dans les biblioth\u00e8ques universitaires fran\u00e7aises, le point de vue des usagers, l&rsquo;accueil des handicap\u00e9s dans les biblioth\u00e8ques universitaires allemandes, l&rsquo;accueil des aveugles et mal-voyants en biblioth\u00e8ques, r\u00f4le et actions d&rsquo;une Mission handicap dans une universit\u00e9, conception d&rsquo;un stage de formation des biblioth\u00e9caires \u00e0 l&rsquo;accueil des personnes handicap\u00e9es, une banque de donn\u00e9es au service des handicap\u00e9s, action publique et action priv\u00e9e en mati\u00e8re de documents sonores).<\/p>\n<p>PELICIER Y.- GROSBOIS L.P.- DECONCHY J.P.- LUCEAU F.- CHARLON C.<\/p>\n<p>Ctnerhi<\/p>\n<p>1990-146p.<\/p>\n<p>ISBN\u00a0: 2-87710-037-5<\/p>\n<p>Cote doc\u00a0: 4-60-CTN-H<\/p>\n<p><strong><em>Uniquement \u00e0 la location<\/em><\/strong><\/p>\n<span class=\"et_bloom_bottom_trigger\"><\/span>","protected":false},"excerpt":{"rendered":"<p>&#8211; les probl\u00e8mes g\u00e9n\u00e9raux d&rsquo;insertion (handicap et r\u00e9habilitation, accessibilit\u00e9 de l&rsquo;environnement : l\u00e9gislation, relation d&rsquo;aide et handicap, t\u00e9moignage d&rsquo;une biblioth\u00e9caire).<br \/>\n&#8211; L&rsquo;acc\u00e8s aux \u00e9tudes sup\u00e9rieures<\/p>\n","protected":false},"featured_media":2016,"comment_status":"closed","ping_status":"closed","template":"","meta":{"_et_pb_use_builder":"","_et_pb_old_content":"","_et_gb_content_width":"","spay_email":""},"class_list":["post-2015","product","type-product","status-publish","has-post-thumbnail","hentry","product_cat-livres","product_tag-acces-a-linformation","product_tag-acces-a-la-formation","product_tag-allemagne","product_tag-bibliotheque","product_tag-congres","product_tag-enseignement-superieur","product_tag-france","product_tag-insertion","product_tag-personne-handicapee"],"jetpack_sharing_enabled":true,"jetpack_likes_enabled":true,"_links":{"self":[{"href":"https:\/\/www.parthages.be\/eboutique\/wp-json\/wp\/v2\/product\/2015","targetHints":{"allow":["GET"]}}],"collection":[{"href":"https:\/\/www.parthages.be\/eboutique\/wp-json\/wp\/v2\/product"}],"about":[{"href":"https:\/\/www.parthages.be\/eboutique\/wp-json\/wp\/v2\/types\/product"}],"replies":[{"embeddable":true,"href":"https:\/\/www.parthages.be\/eboutique\/wp-json\/wp\/v2\/comments?post=2015"}],"wp:featuredmedia":[{"embeddable":true,"href":"https:\/\/www.parthages.be\/eboutique\/wp-json\/wp\/v2\/media\/2016"}],"wp:attachment":[{"href":"https:\/\/www.parthages.be\/eboutique\/wp-json\/wp\/v2\/media?parent=2015"}],"curies":[{"name":"wp","href":"https:\/\/api.w.org\/{rel}","templated":true}]}}