{"id":2025,"date":"2021-10-05T10:19:32","date_gmt":"2021-10-05T08:19:32","guid":{"rendered":"https:\/\/www.parthages.be\/eboutique\/?post_type=product&#038;p=2025"},"modified":"2021-10-05T10:19:33","modified_gmt":"2021-10-05T08:19:33","slug":"etude-des-facteurs-de-reussite-et-dechec-dans-les-tentatives-dintegration-socioprofessionnelle-dadultes-ayant-une-deficience-intellectuelle","status":"publish","type":"product","link":"https:\/\/www.parthages.be\/eboutique\/produit\/etude-des-facteurs-de-reussite-et-dechec-dans-les-tentatives-dintegration-socioprofessionnelle-dadultes-ayant-une-deficience-intellectuelle\/","title":{"rendered":"Etude des facteurs de r\u00e9ussite et d&rsquo;\u00e9chec dans les tentatives d&rsquo;int\u00e9gration socioprofessionnelle d&rsquo;adultes ayant une d\u00e9ficience intellectuelle"},"content":{"rendered":"<p><strong>Etude<\/strong><\/p>\n<p>Rapport de recherche d&rsquo;une \u00e9tude sur les facteurs de r\u00e9ussite et d&rsquo;\u00e9chec dans les tentatives d&rsquo;int\u00e9gration socio-professionnelle de personnes ayant une d\u00e9ficience intellectuelle. R\u00e9alis\u00e9e au centre de r\u00e9adaptation La Ruche, dans la r\u00e9gion de St Eustache, cette \u00e9tude couvre une p\u00e9riode qui s&rsquo;\u00e9tend de 1980 \u00e0 1990. Cette recherche s&rsquo;articule autour de 7 th\u00e8mes: les facteurs reli\u00e9s \u00e0 la t\u00e2che, au participant, \u00e0 la supervision, au milieu d&rsquo;activit\u00e9 professionnelle, au milieu r\u00e9sidentiel, \u00e0 l&rsquo;aspect financier et au transport. Cette recherche met en relief, malgr\u00e9 ses limites m\u00e9thodologiques, le manque d&rsquo;instrument d&rsquo;\u00e9valuation formative correspondant au mod\u00e8le d\u00e9velopp\u00e9 ces derni\u00e8res ann\u00e9es, pour l&rsquo;int\u00e9gration socioprofessionnelle d&rsquo;adultes ayant une d\u00e9ficience intellectuelle.<\/p>\n<p>CARRIER S.<\/p>\n<p>Centre de r\u00e9adaptation la Ruche-Capar<\/p>\n<p>1992-65p<\/p>\n<p>Cote doc: 4-60-CAR-E<\/p>\n<p><strong><em>Uniquement \u00e0 la location<\/em><\/strong><\/p>\n<span class=\"et_bloom_bottom_trigger\"><\/span>","protected":false},"excerpt":{"rendered":"<p>Rapport de recherche d&rsquo;une \u00e9tude sur les facteurs de r\u00e9ussite et d&rsquo;\u00e9chec dans les tentatives d&rsquo;int\u00e9gration socio-professionnelle de personnes ayant une d\u00e9ficience intellectuelle.<\/p>\n","protected":false},"featured_media":2026,"comment_status":"closed","ping_status":"closed","template":"","meta":{"_et_pb_use_builder":"","_et_pb_old_content":"","_et_gb_content_width":"","spay_email":""},"class_list":["post-2025","product","type-product","status-publish","has-post-thumbnail","hentry","product_cat-livres","product_tag-analyse","product_tag-bilan","product_tag-deficience-intellectuelle","product_tag-echec","product_tag-etude","product_tag-evaluation","product_tag-integration-professionnelle","product_tag-integration-sociale","product_tag-personne-handicapee","product_tag-quebec","product_tag-reussite"],"jetpack_sharing_enabled":true,"jetpack_likes_enabled":true,"_links":{"self":[{"href":"https:\/\/www.parthages.be\/eboutique\/wp-json\/wp\/v2\/product\/2025","targetHints":{"allow":["GET"]}}],"collection":[{"href":"https:\/\/www.parthages.be\/eboutique\/wp-json\/wp\/v2\/product"}],"about":[{"href":"https:\/\/www.parthages.be\/eboutique\/wp-json\/wp\/v2\/types\/product"}],"replies":[{"embeddable":true,"href":"https:\/\/www.parthages.be\/eboutique\/wp-json\/wp\/v2\/comments?post=2025"}],"wp:featuredmedia":[{"embeddable":true,"href":"https:\/\/www.parthages.be\/eboutique\/wp-json\/wp\/v2\/media\/2026"}],"wp:attachment":[{"href":"https:\/\/www.parthages.be\/eboutique\/wp-json\/wp\/v2\/media?parent=2025"}],"curies":[{"name":"wp","href":"https:\/\/api.w.org\/{rel}","templated":true}]}}