{"id":2027,"date":"2021-10-05T10:21:23","date_gmt":"2021-10-05T08:21:23","guid":{"rendered":"https:\/\/www.parthages.be\/eboutique\/?post_type=product&#038;p=2027"},"modified":"2021-10-05T10:21:24","modified_gmt":"2021-10-05T08:21:24","slug":"observatory-on-national-policies-to-combat-social-exclusion-greece","status":"publish","type":"product","link":"https:\/\/www.parthages.be\/eboutique\/produit\/observatory-on-national-policies-to-combat-social-exclusion-greece\/","title":{"rendered":"Observatory on national policies to combat social exclusion : Greece"},"content":{"rendered":"<p>Greece to the Observatory on Policies to Combat Social Exclusion were in this sense breaking new ground, and faced the difficulties entailed in such efforts. The present \u00ab\u00a0consolidated\u00a0\u00bb report on social exclusion draws on both the First National Report to the Observatory (Karantinos, Koniordos, and Tinios, 1990) and the Second National Report to the Observatory (Karantinos,.Cavounidis, Ioannou, 1992).<\/p>\n<p>La Gr\u00e8ce \u00e0 l\u2019Observatoire des politiques de lutte contre l\u2019exclusion sociale innovait en ce sens et faisait face aux difficult\u00e9s que ces efforts entra\u00eenaient. Le pr\u00e9sent rapport \u00ab\u00a0consolid\u00e9\u00a0\u00bb sur l\u2019exclusion sociale s\u2019appuie \u00e0 la fois sur le premier rapport national \u00e0 l\u2019Observatoire (Karantinos, Koniordos et Tinios, 1990) et sur le deuxi\u00e8me rapport national \u00e0 l\u2019Observatoire (Karantinos, et le deuxi\u00e8me rapport national \u00e0 l\u2019Observatoire (Karantinos). Cavounidis, et Ioannou, 1992).<\/p>\n<p>KARANTINOS D. &amp; CAVOUNIDIS J.<\/p>\n<p>COMMISSION OF THE EUROPEAN COMMUNITIES<\/p>\n<p>1992 -120p. Anglais<\/p>\n<p>Cote doc: 4-90-KAR-O<\/p>\n<p><strong><em>Uniquement \u00e0 la location<\/em><\/strong><\/p>\n<p>&nbsp;<\/p>\n<span class=\"et_bloom_bottom_trigger\"><\/span>","protected":false},"excerpt":{"rendered":"<p>Greece to the Observatory on Policies to Combat Social Exclusion were in this sense breaking new ground, and faced the difficulties entailed in such efforts.<\/p>\n","protected":false},"featured_media":2028,"comment_status":"closed","ping_status":"closed","template":"","meta":{"_et_pb_use_builder":"","_et_pb_old_content":"","_et_gb_content_width":"","spay_email":""},"class_list":["post-2027","product","type-product","status-publish","has-post-thumbnail","hentry","product_cat-livres","product_tag-chomage","product_tag-exclusion","product_tag-exclusion-sociale","product_tag-femme","product_tag-grece","product_tag-pauvrete","product_tag-personne-agee","product_tag-personne-handicapee","product_tag-politique-sociale"],"jetpack_sharing_enabled":true,"jetpack_likes_enabled":true,"_links":{"self":[{"href":"https:\/\/www.parthages.be\/eboutique\/wp-json\/wp\/v2\/product\/2027","targetHints":{"allow":["GET"]}}],"collection":[{"href":"https:\/\/www.parthages.be\/eboutique\/wp-json\/wp\/v2\/product"}],"about":[{"href":"https:\/\/www.parthages.be\/eboutique\/wp-json\/wp\/v2\/types\/product"}],"replies":[{"embeddable":true,"href":"https:\/\/www.parthages.be\/eboutique\/wp-json\/wp\/v2\/comments?post=2027"}],"wp:featuredmedia":[{"embeddable":true,"href":"https:\/\/www.parthages.be\/eboutique\/wp-json\/wp\/v2\/media\/2028"}],"wp:attachment":[{"href":"https:\/\/www.parthages.be\/eboutique\/wp-json\/wp\/v2\/media?parent=2027"}],"curies":[{"name":"wp","href":"https:\/\/api.w.org\/{rel}","templated":true}]}}