{"id":2031,"date":"2021-10-05T10:23:37","date_gmt":"2021-10-05T08:23:37","guid":{"rendered":"https:\/\/www.parthages.be\/eboutique\/?post_type=product&#038;p=2031"},"modified":"2021-10-05T10:23:38","modified_gmt":"2021-10-05T08:23:38","slug":"vocational-rehabilitation-of-the-mentally-restored","status":"publish","type":"product","link":"https:\/\/www.parthages.be\/eboutique\/produit\/vocational-rehabilitation-of-the-mentally-restored\/","title":{"rendered":"Vocational rehabilitation of the mentally restored"},"content":{"rendered":"<p>Exemples de programmes de r\u00e9adaptation professionnelle dans les pays cit\u00e9s en mots cl\u00e9.<\/p>\n<p>INTERNATIONAL LABOUR OFFICE<\/p>\n<p>Editions INTERNATIONAL LABOUR OFFICE<\/p>\n<p>1979 -68p. Anglais<\/p>\n<p>ISBN: 92-2-102046-0<\/p>\n<p>Cote doc: 4-60-ILO-V<\/p>\n<p><strong><em>Uniquement \u00e0 la location<\/em><\/strong><\/p>\n<span class=\"et_bloom_bottom_trigger\"><\/span>","protected":false},"excerpt":{"rendered":"<p>Exemples de programmes de r\u00e9adaptation professionnelle dans les pays cit\u00e9s en mots cl\u00e9.<\/p>\n","protected":false},"featured_media":2032,"comment_status":"closed","ping_status":"closed","template":"","meta":{"_et_pb_use_builder":"","_et_pb_old_content":"","_et_gb_content_width":"","spay_email":""},"class_list":["post-2031","product","type-product","status-publish","has-post-thumbnail","hentry","product_cat-livres","product_tag-addiction-personne-handicapee","product_tag-allemagne","product_tag-belgique","product_tag-danemark","product_tag-deficience-intellectuelle","product_tag-definition","product_tag-drogue","product_tag-grande-bretagne","product_tag-orientation-professionnelle","product_tag-pays-bas","product_tag-readaptation","product_tag-suede"],"jetpack_sharing_enabled":true,"jetpack_likes_enabled":true,"_links":{"self":[{"href":"https:\/\/www.parthages.be\/eboutique\/wp-json\/wp\/v2\/product\/2031","targetHints":{"allow":["GET"]}}],"collection":[{"href":"https:\/\/www.parthages.be\/eboutique\/wp-json\/wp\/v2\/product"}],"about":[{"href":"https:\/\/www.parthages.be\/eboutique\/wp-json\/wp\/v2\/types\/product"}],"replies":[{"embeddable":true,"href":"https:\/\/www.parthages.be\/eboutique\/wp-json\/wp\/v2\/comments?post=2031"}],"wp:featuredmedia":[{"embeddable":true,"href":"https:\/\/www.parthages.be\/eboutique\/wp-json\/wp\/v2\/media\/2032"}],"wp:attachment":[{"href":"https:\/\/www.parthages.be\/eboutique\/wp-json\/wp\/v2\/media?parent=2031"}],"curies":[{"name":"wp","href":"https:\/\/api.w.org\/{rel}","templated":true}]}}