{"id":2037,"date":"2021-10-05T10:26:45","date_gmt":"2021-10-05T08:26:45","guid":{"rendered":"https:\/\/www.parthages.be\/eboutique\/?post_type=product&#038;p=2037"},"modified":"2021-10-05T10:26:45","modified_gmt":"2021-10-05T08:26:45","slug":"appels-aux-intelligences","status":"publish","type":"product","link":"https:\/\/www.parthages.be\/eboutique\/produit\/appels-aux-intelligences\/","title":{"rendered":"Appels aux intelligences"},"content":{"rendered":"<p>Les r\u00e9seaux de savoir de \u00ab\u00a0l&rsquo;\u00e9cole \u00e9clat\u00e9e\u00a0\u00bb (Stock, 1981) essaiment, se diss\u00e9minent. Quarante \u00e0 cinquante villes, quatre \u00e0 cinq mille personnes. A partir de la d\u00e9multiplication des \u00e9changes, les savoirs sont l&rsquo;occasion s&rsquo;une rencontre et d&rsquo;une rupture des hi\u00e9rarchies sociales. Au-del\u00e0 de l&rsquo;\u00e9chec culturel, la Formation r\u00e9ciproque. Une d\u00e9marche qui suscite l&rsquo;int\u00e9r\u00eat de travailleurs sociaux, de sociologues, de chercheurs, en ce qu&rsquo;elle mobilise un potentiel de vie et d&rsquo;acquisition aujourd&rsquo;hui en friches. En juin 1987, le \u00ab\u00a0Mouvement des R\u00e9seaux d&rsquo;Echanges R\u00e9ciproques de Savoirs\u00a0\u00bb est devenu une association nationale.<\/p>\n<p>HEBER-SUFFRIN C. &amp; M.<\/p>\n<p>Editions Matrice<\/p>\n<p>1988 -257p. -9\u20ac<\/p>\n<p>ISBN: 2-905642-08-4<\/p>\n<p>Cote doc: 4-60-HEB-A<\/p>\n<span class=\"et_bloom_bottom_trigger\"><\/span>","protected":false},"excerpt":{"rendered":"<p>Les r\u00e9seaux de savoir de \u00ab\u00a0l&rsquo;\u00e9cole \u00e9clat\u00e9e\u00a0\u00bb (Stock, 1981) essaiment, se diss\u00e9minent. Quarante \u00e0 cinquante villes, quatre \u00e0 cinq mille personnes.<\/p>\n","protected":false},"featured_media":2038,"comment_status":"closed","ping_status":"closed","template":"","meta":{"_et_pb_use_builder":"","_et_pb_old_content":"","_et_gb_content_width":"","spay_email":""},"class_list":["post-2037","product","type-product","status-publish","has-post-thumbnail","hentry","product_cat-livres","product_tag-communication","product_tag-formation","product_tag-relation","product_tag-reseau-social","product_tag-surdite"],"jetpack_sharing_enabled":true,"jetpack_likes_enabled":true,"_links":{"self":[{"href":"https:\/\/www.parthages.be\/eboutique\/wp-json\/wp\/v2\/product\/2037","targetHints":{"allow":["GET"]}}],"collection":[{"href":"https:\/\/www.parthages.be\/eboutique\/wp-json\/wp\/v2\/product"}],"about":[{"href":"https:\/\/www.parthages.be\/eboutique\/wp-json\/wp\/v2\/types\/product"}],"replies":[{"embeddable":true,"href":"https:\/\/www.parthages.be\/eboutique\/wp-json\/wp\/v2\/comments?post=2037"}],"wp:featuredmedia":[{"embeddable":true,"href":"https:\/\/www.parthages.be\/eboutique\/wp-json\/wp\/v2\/media\/2038"}],"wp:attachment":[{"href":"https:\/\/www.parthages.be\/eboutique\/wp-json\/wp\/v2\/media?parent=2037"}],"curies":[{"name":"wp","href":"https:\/\/api.w.org\/{rel}","templated":true}]}}