{"id":2065,"date":"2021-10-19T11:08:54","date_gmt":"2021-10-19T09:08:54","guid":{"rendered":"https:\/\/www.parthages.be\/eboutique\/?post_type=product&#038;p=2065"},"modified":"2022-03-23T17:29:15","modified_gmt":"2022-03-23T16:29:15","slug":"les-jeunes-enfants-autistes-a-la-garderie-et-a-lecole","status":"publish","type":"product","link":"https:\/\/www.parthages.be\/eboutique\/produit\/les-jeunes-enfants-autistes-a-la-garderie-et-a-lecole\/","title":{"rendered":"Les jeunes enfants autistes \u00e0 la garderie et \u00e0 l&rsquo;\u00e9cole"},"content":{"rendered":"<p>Les jeunes enfants autistes \u00e0 la garderie et \u00e0 l&rsquo;\u00e9cole: strat\u00e9gies et conseils pour les \u00e9ducateurs et les enseignants est un guide simple et concret, destin\u00e9 \u00e0 tous ceux qui travaillent avec de jeunes enfants autistes. Il explique les principales caract\u00e9ristiques associ\u00e9es \u00e0 l&rsquo;autisme et aide les enseignants et les \u00e9ducateurs \u00e0 comprendre la mani\u00e8re sont les enfants autistes interagissent et fonctionnent au quotidien. Chaque chapitre pr\u00e9sente des strat\u00e9gies qui visent, entre autre, \u00e0 pr\u00e9parer un environnement qui favorise les apprentissages, \u00e0 stimuler l&rsquo;autonomie, \u00e0 soutenir la communication, \u00e0 encourager le jeu et l&rsquo;interaction avec les autres et, finalement, \u00e0 collaborer avec la famille de l&rsquo;enfant autiste. Le guide \u00ab\u00a0Les jeunes enfants autistes \u00e0 la garderie et \u00e0 l&rsquo;\u00e9cole\u00a0\u00bb outille les enseignants et les \u00e9ducateurs pour qu&rsquo;ils puissent interagir de multiples fa\u00e7ons avec tous les enfants et favoriser ainsi les apprentissages chez les enfants autistes et leur \u00e9panouissement. (Pr\u00e9sentation de l\u2019\u00e9diteur)<\/p>\n<p>WILLIS C.<\/p>\n<p>Cheneli\u00e8re Education<\/p>\n<p>2009- 216p.<\/p>\n<p>ISBN\u00a0: 978-2-7650-2277-0<\/p>\n<p>Cote doc\u00a0: 4-50-WIL-J<\/p>\n<p><strong><em>Uniquement \u00e0 la location<\/em><\/strong><\/p>\n<span class=\"et_bloom_bottom_trigger\"><\/span>","protected":false},"excerpt":{"rendered":"<p>Les jeunes enfants autistes \u00e0 la garderie et \u00e0 l&rsquo;\u00e9cole: strat\u00e9gies et conseils pour les \u00e9ducateurs et les enseignants est un guide simple et concret, destin\u00e9 \u00e0 tous ceux qui travaillent avec de jeunes enfants autistes.<\/p>\n","protected":false},"featured_media":2066,"comment_status":"closed","ping_status":"closed","template":"","meta":{"_et_pb_use_builder":"","_et_pb_old_content":"","_et_gb_content_width":"","spay_email":""},"class_list":["post-2065","product","type-product","status-publish","has-post-thumbnail","hentry","product_cat-livres","product_tag-apprentissage","product_tag-autisme","product_tag-communication","product_tag-ecole","product_tag-enfant-handicape","product_tag-garde-des-enfants","product_tag-outil","product_tag-plan-dintervention","product_tag-strategie"],"jetpack_sharing_enabled":true,"jetpack_likes_enabled":true,"_links":{"self":[{"href":"https:\/\/www.parthages.be\/eboutique\/wp-json\/wp\/v2\/product\/2065","targetHints":{"allow":["GET"]}}],"collection":[{"href":"https:\/\/www.parthages.be\/eboutique\/wp-json\/wp\/v2\/product"}],"about":[{"href":"https:\/\/www.parthages.be\/eboutique\/wp-json\/wp\/v2\/types\/product"}],"replies":[{"embeddable":true,"href":"https:\/\/www.parthages.be\/eboutique\/wp-json\/wp\/v2\/comments?post=2065"}],"wp:featuredmedia":[{"embeddable":true,"href":"https:\/\/www.parthages.be\/eboutique\/wp-json\/wp\/v2\/media\/2066"}],"wp:attachment":[{"href":"https:\/\/www.parthages.be\/eboutique\/wp-json\/wp\/v2\/media?parent=2065"}],"curies":[{"name":"wp","href":"https:\/\/api.w.org\/{rel}","templated":true}]}}