{"id":2070,"date":"2021-10-19T11:22:43","date_gmt":"2021-10-19T09:22:43","guid":{"rendered":"https:\/\/www.parthages.be\/eboutique\/?post_type=product&#038;p=2070"},"modified":"2022-03-23T17:04:24","modified_gmt":"2022-03-23T16:04:24","slug":"guide-de-leducateur-nature-43-jeux-deveil-sensoriels-a-la-nature","status":"publish","type":"product","link":"https:\/\/www.parthages.be\/eboutique\/produit\/guide-de-leducateur-nature-43-jeux-deveil-sensoriels-a-la-nature\/","title":{"rendered":"Guide de l&rsquo;\u00e9ducateur nature: 43 jeux d&rsquo;\u00e9veil sensoriels \u00e0 la nature"},"content":{"rendered":"<p>L&rsquo;\u00e9veil et le d\u00e9veloppement des cinq sens chez l&rsquo;enfant constituent un capital ressources valable toute sa vie. Or, comment favoriser cet \u00e9veil sensoriel ? Philippe Vaquette propose une triple r\u00e9ponse \u00e0 cette question : un \u00e9veil sensoriel \u00e0 la nature, dans lequel chaque sens est sollicit\u00e9 ; une p\u00e9dagogie du jeu : 43 jeux pour voir, entendre, toucher, sentir, go\u00fbter, conna\u00eetre, comprendre la nature ; une approche \u00e9cologique, gr\u00e2ce \u00e0 sa qualification de naturaliste. Une pr\u00e9sentation visuelle \u00e9tudi\u00e9e permet de savoir au premier coup d&rsquo;\u0153il o\u00f9 doit se d\u00e9rouler le jeu, le nombre d&rsquo;enfants souhait\u00e9, leur degr\u00e9 de connaissance, leur \u00e2ge, la saison, etc. La derni\u00e8re partie de l&rsquo;ouvrage contient un r\u00e9pertoire \u00e9cop\u00e9dagogique : livres pour enfants de 3 \u00e0 14 ans, publications et mat\u00e9riel p\u00e9dagogique, guides naturalistes, manuels d&rsquo;\u00e9cologie, revues nature, adresses pour l&rsquo;\u00e9ducation \u00e0 l&rsquo;environnement, enti\u00e8rement r\u00e9actualis\u00e9s 2002. (Pr\u00e9sentation de l\u2019\u00e9diteur)<\/p>\n<p>VAQUETTE P.<\/p>\n<p>Editions le Souffle d&rsquo;Or<\/p>\n<p>2002-239p.<\/p>\n<p>ISBN\u00a0: 2-84058-213-9<\/p>\n<p>Cote doc\u00a0: 4-60-QUA-F<\/p>\n<p><strong><em>Uniquement \u00e0 la location<\/em><\/strong><\/p>\n<span class=\"et_bloom_bottom_trigger\"><\/span>","protected":false},"excerpt":{"rendered":"<p>L&rsquo;\u00e9veil et le d\u00e9veloppement des cinq sens chez l&rsquo;enfant constituent un capital ressources valable toute sa vie. Or, comment favoriser cet \u00e9veil sensoriel ?<\/p>\n","protected":false},"featured_media":2071,"comment_status":"closed","ping_status":"closed","template":"","meta":{"_et_pb_use_builder":"","_et_pb_old_content":"","_et_gb_content_width":"","spay_email":""},"class_list":["post-2070","product","type-product","status-publish","has-post-thumbnail","hentry","product_cat-livres","product_tag-approche","product_tag-deficience-visuelle","product_tag-developpement-sensoriel","product_tag-ecologie","product_tag-educateur","product_tag-enfant","product_tag-environnement","product_tag-jeu","product_tag-outil-pedagogique"],"jetpack_sharing_enabled":true,"jetpack_likes_enabled":true,"_links":{"self":[{"href":"https:\/\/www.parthages.be\/eboutique\/wp-json\/wp\/v2\/product\/2070","targetHints":{"allow":["GET"]}}],"collection":[{"href":"https:\/\/www.parthages.be\/eboutique\/wp-json\/wp\/v2\/product"}],"about":[{"href":"https:\/\/www.parthages.be\/eboutique\/wp-json\/wp\/v2\/types\/product"}],"replies":[{"embeddable":true,"href":"https:\/\/www.parthages.be\/eboutique\/wp-json\/wp\/v2\/comments?post=2070"}],"wp:featuredmedia":[{"embeddable":true,"href":"https:\/\/www.parthages.be\/eboutique\/wp-json\/wp\/v2\/media\/2071"}],"wp:attachment":[{"href":"https:\/\/www.parthages.be\/eboutique\/wp-json\/wp\/v2\/media?parent=2070"}],"curies":[{"name":"wp","href":"https:\/\/api.w.org\/{rel}","templated":true}]}}