{"id":2072,"date":"2021-10-19T11:23:39","date_gmt":"2021-10-19T09:23:39","guid":{"rendered":"https:\/\/www.parthages.be\/eboutique\/?post_type=product&#038;p=2072"},"modified":"2021-10-19T11:23:40","modified_gmt":"2021-10-19T09:23:40","slug":"monographies-sur-leducation-speciale-cuba-japon-kenya-suede","status":"publish","type":"product","link":"https:\/\/www.parthages.be\/eboutique\/produit\/monographies-sur-leducation-speciale-cuba-japon-kenya-suede\/","title":{"rendered":"Monographies sur l&rsquo;\u00e9ducation sp\u00e9ciale : Cuba Japon Kenya Su\u00e8de"},"content":{"rendered":"<p>Description des syst\u00e8mes mis en place par quatre pays (quatre continents) pour assurer l&rsquo;\u00e9ducation des handicap\u00e9s. Etude r\u00e9alis\u00e9e sous la responsabilit\u00e9 des commissions nationales locales de l&rsquo;Unesco.<\/p>\n<p>UNESCO<\/p>\n<p>Presses de l&rsquo;Unesco<\/p>\n<p>1974-200p.<\/p>\n<p>ISBN: 92-3-201145-X<\/p>\n<p>Cote doc: 4-50-UNE-M1<\/p>\n<p><strong><em>Uniquement \u00e0 la location<\/em><\/strong><\/p>\n<span class=\"et_bloom_bottom_trigger\"><\/span>","protected":false},"excerpt":{"rendered":"<p>Description des syst\u00e8mes mis en place par quatre pays (quatre continents) pour assurer l&rsquo;\u00e9ducation des handicap\u00e9s<\/p>\n","protected":false},"featured_media":2073,"comment_status":"closed","ping_status":"closed","template":"","meta":{"_et_pb_use_builder":"","_et_pb_old_content":"","_et_gb_content_width":"","spay_email":""},"class_list":["post-2072","product","type-product","status-publish","has-post-thumbnail","hentry","product_cat-livres","product_tag-aide-financiere","product_tag-cooperation-internationale","product_tag-cuba","product_tag-deficience-auditive","product_tag-deficience-intellectuelle","product_tag-deficience-visuelle","product_tag-depistage","product_tag-ecole","product_tag-enseignant","product_tag-enseignement-integre","product_tag-enseignement-specialise","product_tag-enseignement-technique","product_tag-formation","product_tag-insertion","product_tag-integration-professionnelle","product_tag-integration-sociale","product_tag-japon","product_tag-kenya","product_tag-opinion","product_tag-personne-handicapee","product_tag-suede","product_tag-trouble-du-comportement","product_tag-unesco"],"jetpack_sharing_enabled":true,"jetpack_likes_enabled":true,"_links":{"self":[{"href":"https:\/\/www.parthages.be\/eboutique\/wp-json\/wp\/v2\/product\/2072","targetHints":{"allow":["GET"]}}],"collection":[{"href":"https:\/\/www.parthages.be\/eboutique\/wp-json\/wp\/v2\/product"}],"about":[{"href":"https:\/\/www.parthages.be\/eboutique\/wp-json\/wp\/v2\/types\/product"}],"replies":[{"embeddable":true,"href":"https:\/\/www.parthages.be\/eboutique\/wp-json\/wp\/v2\/comments?post=2072"}],"wp:featuredmedia":[{"embeddable":true,"href":"https:\/\/www.parthages.be\/eboutique\/wp-json\/wp\/v2\/media\/2073"}],"wp:attachment":[{"href":"https:\/\/www.parthages.be\/eboutique\/wp-json\/wp\/v2\/media?parent=2072"}],"curies":[{"name":"wp","href":"https:\/\/api.w.org\/{rel}","templated":true}]}}