{"id":2081,"date":"2021-10-19T12:20:29","date_gmt":"2021-10-19T10:20:29","guid":{"rendered":"https:\/\/www.parthages.be\/eboutique\/?post_type=product&#038;p=2081"},"modified":"2021-10-19T12:20:30","modified_gmt":"2021-10-19T10:20:30","slug":"lintegration-scolaire-des-eleves-en-difficulte-une-typologie-de-modeles-de-services","status":"publish","type":"product","link":"https:\/\/www.parthages.be\/eboutique\/produit\/lintegration-scolaire-des-eleves-en-difficulte-une-typologie-de-modeles-de-services\/","title":{"rendered":"L&rsquo;int\u00e9gration scolaire des \u00e9l\u00e8ves en difficult\u00e9 : une typologie de mod\u00e8les de services"},"content":{"rendered":"<p>L&rsquo;ouvrage pr\u00e9sente une typologie des mod\u00e8les de service d&rsquo;enseignement permettant l&rsquo;int\u00e9gration en classe ordinaire des \u00e9l\u00e8ves handicap\u00e9s, en difficult\u00e9 d&rsquo;apprentissage ou d&rsquo;adaptation. Il pr\u00e9sente \u00e9galement les modalit\u00e9s d&rsquo;application des diff\u00e9rents mod\u00e8les de service.<\/p>\n<p>TREPANIER N.<\/p>\n<p>Editions Nouvelles<\/p>\n<p>2003-83p.<\/p>\n<p>ISBN: 2-921696-92-4<\/p>\n<p>Cote doc:\u00a04-50-TRE-I<\/p>\n<p><strong><em>Uniquement \u00e0 la location<\/em><\/strong><\/p>\n<span class=\"et_bloom_bottom_trigger\"><\/span>","protected":false},"excerpt":{"rendered":"<p>L&rsquo;ouvrage pr\u00e9sente une typologie des mod\u00e8les de service d&rsquo;enseignement permettant l&rsquo;int\u00e9gration en classe ordinaire des \u00e9l\u00e8ves handicap\u00e9s, en difficult\u00e9 d&rsquo;apprentissage ou d&rsquo;adaptation.<\/p>\n","protected":false},"featured_media":2082,"comment_status":"closed","ping_status":"closed","template":"","meta":{"_et_pb_use_builder":"","_et_pb_old_content":"","_et_gb_content_width":"","spay_email":""},"class_list":["post-2081","product","type-product","status-publish","has-post-thumbnail","hentry","product_cat-livres","product_tag-classification","product_tag-enseignement","product_tag-enseignement-integre","product_tag-integration-scolaire","product_tag-milieu-ordinaire","product_tag-modele","product_tag-personne-handicapee","product_tag-scolarisation","product_tag-scolarite","product_tag-trouble-de-lapprentissage"],"jetpack_sharing_enabled":true,"jetpack_likes_enabled":true,"_links":{"self":[{"href":"https:\/\/www.parthages.be\/eboutique\/wp-json\/wp\/v2\/product\/2081","targetHints":{"allow":["GET"]}}],"collection":[{"href":"https:\/\/www.parthages.be\/eboutique\/wp-json\/wp\/v2\/product"}],"about":[{"href":"https:\/\/www.parthages.be\/eboutique\/wp-json\/wp\/v2\/types\/product"}],"replies":[{"embeddable":true,"href":"https:\/\/www.parthages.be\/eboutique\/wp-json\/wp\/v2\/comments?post=2081"}],"wp:featuredmedia":[{"embeddable":true,"href":"https:\/\/www.parthages.be\/eboutique\/wp-json\/wp\/v2\/media\/2082"}],"wp:attachment":[{"href":"https:\/\/www.parthages.be\/eboutique\/wp-json\/wp\/v2\/media?parent=2081"}],"curies":[{"name":"wp","href":"https:\/\/api.w.org\/{rel}","templated":true}]}}