{"id":2083,"date":"2021-10-19T12:21:39","date_gmt":"2021-10-19T10:21:39","guid":{"rendered":"https:\/\/www.parthages.be\/eboutique\/?post_type=product&#038;p=2083"},"modified":"2022-03-25T10:38:18","modified_gmt":"2022-03-25T09:38:18","slug":"mon-amie-est-dyslexique","status":"publish","type":"product","link":"https:\/\/www.parthages.be\/eboutique\/produit\/mon-amie-est-dyslexique\/","title":{"rendered":"Mon amie est dyslexique"},"content":{"rendered":"<p><em>Anna est dyslexique, mais \u00e7a ne nous emp\u00eache pas d&rsquo;\u00eatre amis. \u00a0On joue \u00e0 la balle, on fait nos devoirs ensemble et on ramasse des aliments pour la banque alimentaire de notre quartier. \u00a0Je suis content qu&rsquo;Anna soit mon amie !\u00a0\u00bb<\/em><\/p>\n<p>Ce mat\u00e9riel p\u00e9dagogique permet aux \u00e9l\u00e8ves, aux parents et aux enseignants:<\/p>\n<p>&#8211; de mieux comprendre la r\u00e9alit\u00e9 que vivent les jeunes atteints de ces troubles<\/p>\n<p>&#8211; de favoriser une inclusion harmonieuse de ces \u00e9l\u00e8ves au sein de la classe<\/p>\n<p>&#8211; d&rsquo;encourager les valeurs qui sont \u00e0 la base de relations interpersonnelles saines telles que le respect et l&#8217;empathie. (Pr\u00e9sentation de l\u2019\u00e9diteur)<\/p>\n<p>TOURVILLE A.<\/p>\n<p>Cheneli\u00e8re Education<\/p>\n<p>2011-24p.<\/p>\n<p>ISBN: 978-2-7650-3192-5<\/p>\n<p>Cote doc: 11-TOU-D<\/p>\n<p><strong><em>Uniquement \u00e0 la location<\/em><\/strong><\/p>\n<span class=\"et_bloom_bottom_trigger\"><\/span>","protected":false},"excerpt":{"rendered":"<p><em>Anna est dyslexique, mais \u00e7a ne nous emp\u00eache pas d&rsquo;\u00eatre amis. \u00a0On joue \u00e0 la balle, on fait nos devoirs ensemble et on ramasse des aliments pour la banque alimentaire de notre quartier. \u00a0Je suis content qu&rsquo;Anna soit mon amie !\u00a0\u00bb<\/em><\/p>\n","protected":false},"featured_media":2084,"comment_status":"closed","ping_status":"closed","template":"","meta":{"_et_pb_use_builder":"","_et_pb_old_content":"","_et_gb_content_width":"","spay_email":""},"class_list":["post-2083","product","type-product","status-publish","has-post-thumbnail","hentry","product_cat-livres","product_cat-livres-jeunesse","product_tag-amitie","product_tag-dyslexie","product_tag-inclusion","product_tag-integration-scolaire","product_tag-jeunesse"],"jetpack_sharing_enabled":true,"jetpack_likes_enabled":true,"_links":{"self":[{"href":"https:\/\/www.parthages.be\/eboutique\/wp-json\/wp\/v2\/product\/2083","targetHints":{"allow":["GET"]}}],"collection":[{"href":"https:\/\/www.parthages.be\/eboutique\/wp-json\/wp\/v2\/product"}],"about":[{"href":"https:\/\/www.parthages.be\/eboutique\/wp-json\/wp\/v2\/types\/product"}],"replies":[{"embeddable":true,"href":"https:\/\/www.parthages.be\/eboutique\/wp-json\/wp\/v2\/comments?post=2083"}],"wp:featuredmedia":[{"embeddable":true,"href":"https:\/\/www.parthages.be\/eboutique\/wp-json\/wp\/v2\/media\/2084"}],"wp:attachment":[{"href":"https:\/\/www.parthages.be\/eboutique\/wp-json\/wp\/v2\/media?parent=2083"}],"curies":[{"name":"wp","href":"https:\/\/api.w.org\/{rel}","templated":true}]}}