{"id":2085,"date":"2021-10-19T12:22:53","date_gmt":"2021-10-19T10:22:53","guid":{"rendered":"https:\/\/www.parthages.be\/eboutique\/?post_type=product&#038;p=2085"},"modified":"2022-03-23T17:58:04","modified_gmt":"2022-03-23T16:58:04","slug":"mon-ami-est-autiste","status":"publish","type":"product","link":"https:\/\/www.parthages.be\/eboutique\/produit\/mon-ami-est-autiste\/","title":{"rendered":"Mon ami est autiste"},"content":{"rendered":"<p><em>Zack est autiste. Mais \u00e7a ne nous emp\u00eache pas d&rsquo;\u00eatre amis. On parle d&rsquo;avions, on construit des mod\u00e8les r\u00e9duits et on aime passer du temps ensemble. Je suis content que Zack soit mon ami !\u00a0\u00bb\u00a0<\/em><\/p>\n<p>Ce mat\u00e9riel p\u00e9dagogique permet aux \u00e9l\u00e8ves, aux parents et aux enseignants :<\/p>\n<ul>\n<li>de mieux comprendre la r\u00e9alit\u00e9 que vivent les jeunes atteints de ces troubles<\/li>\n<li>de favoriser une inclusion harmonieuse de ces \u00e9l\u00e8ves au sein de la classe<\/li>\n<li>d\u2019encourager les valeurs qui sont \u00e0 la base de relations interpersonnelles saines telles que le respect et l\u2019empathie.<\/li>\n<\/ul>\n<p>(Pr\u00e9sentation de l\u2019\u00e9diteur)<\/p>\n<p>TOURVILLE A.<\/p>\n<p>Cheneli\u00e8re Education<\/p>\n<p>2011-24p.<\/p>\n<p>ISBN: 978-2-7650-3190-1<\/p>\n<p>Cote doc: 11-TOU-A<\/p>\n<p><strong><em>Uniquement \u00e0 la location<\/em><\/strong><\/p>\n<span class=\"et_bloom_bottom_trigger\"><\/span>","protected":false},"excerpt":{"rendered":"<p><em>Zack est autiste. Mais \u00e7a ne nous emp\u00eache pas d&rsquo;\u00eatre amis. On parle d&rsquo;avions, on construit des mod\u00e8les r\u00e9duits et on aime passer du temps ensemble. Je suis content que Zack soit mon ami !\u00a0\u00bb\u00a0<\/em><\/p>\n","protected":false},"featured_media":2087,"comment_status":"closed","ping_status":"closed","template":"","meta":{"_et_pb_use_builder":"","_et_pb_old_content":"","_et_gb_content_width":"","spay_email":""},"class_list":["post-2085","product","type-product","status-publish","has-post-thumbnail","hentry","product_cat-livres","product_cat-livres-jeunesse","product_tag-amitie","product_tag-autisme","product_tag-inclusion","product_tag-integration-scolaire","product_tag-jeunesse"],"jetpack_sharing_enabled":true,"jetpack_likes_enabled":true,"_links":{"self":[{"href":"https:\/\/www.parthages.be\/eboutique\/wp-json\/wp\/v2\/product\/2085","targetHints":{"allow":["GET"]}}],"collection":[{"href":"https:\/\/www.parthages.be\/eboutique\/wp-json\/wp\/v2\/product"}],"about":[{"href":"https:\/\/www.parthages.be\/eboutique\/wp-json\/wp\/v2\/types\/product"}],"replies":[{"embeddable":true,"href":"https:\/\/www.parthages.be\/eboutique\/wp-json\/wp\/v2\/comments?post=2085"}],"wp:featuredmedia":[{"embeddable":true,"href":"https:\/\/www.parthages.be\/eboutique\/wp-json\/wp\/v2\/media\/2087"}],"wp:attachment":[{"href":"https:\/\/www.parthages.be\/eboutique\/wp-json\/wp\/v2\/media?parent=2085"}],"curies":[{"name":"wp","href":"https:\/\/api.w.org\/{rel}","templated":true}]}}