{"id":2093,"date":"2021-10-19T13:27:34","date_gmt":"2021-10-19T11:27:34","guid":{"rendered":"https:\/\/www.parthages.be\/eboutique\/?post_type=product&#038;p=2093"},"modified":"2021-10-19T13:27:34","modified_gmt":"2021-10-19T11:27:34","slug":"le-guide-du-chaisard-guide-pratique-de-la-personne-handicapee","status":"publish","type":"product","link":"https:\/\/www.parthages.be\/eboutique\/produit\/le-guide-du-chaisard-guide-pratique-de-la-personne-handicapee\/","title":{"rendered":"Le guide du chaisard : guide pratique de la personne handicap\u00e9e"},"content":{"rendered":"<p>On dit \u00ab\u00a0chaisard\u00a0\u00bb comme on dit routard, motard. Ce guide offre surtout une bouff\u00e9e d&rsquo;optimisme, plein de bonnes raison de vivre et \u00e0 tous les autres un regard neuf sur ces personnes si peu diff\u00e9rentes, en d\u00e9finitive. Ce guide r\u00e9pond en une vingtaine de chapitre aux questions que l&rsquo;on se pose lorsqu\u2019on est en chaise: dossiers pratiques, adresses utiles, trucs de m\u00e9tiers.<\/p>\n<p>Editions Parcours<\/p>\n<p>2000-134p.<\/p>\n<p>ISBN\u00a0: 2-930100-06-0<\/p>\n<p>Cote doc: 000-080-001\/1<\/p>\n<p><strong><em>Uniquement \u00e0 la location<\/em><\/strong><\/p>\n<span class=\"et_bloom_bottom_trigger\"><\/span>","protected":false},"excerpt":{"rendered":"<p>On dit \u00ab\u00a0chaisard\u00a0\u00bb comme on dit routard, motard.<\/p>\n","protected":false},"featured_media":2094,"comment_status":"closed","ping_status":"closed","template":"","meta":{"_et_pb_use_builder":"","_et_pb_old_content":"","_et_gb_content_width":"","spay_email":""},"class_list":["post-2093","product","type-product","status-publish","has-post-thumbnail","hentry","product_cat-livres","product_tag-affectivite","product_tag-animal-domestique","product_tag-belgique","product_tag-chien-guide","product_tag-discrimination","product_tag-jurisprudence","product_tag-legislation","product_tag-logement","product_tag-nouvelle-technologie","product_tag-personne-handicapee","product_tag-prevention","product_tag-prothese","product_tag-psychologie","product_tag-sexualite","product_tag-spectacle","product_tag-sport","product_tag-tourisme","product_tag-transport","product_tag-travail","product_tag-voiturette"],"jetpack_sharing_enabled":true,"jetpack_likes_enabled":true,"_links":{"self":[{"href":"https:\/\/www.parthages.be\/eboutique\/wp-json\/wp\/v2\/product\/2093","targetHints":{"allow":["GET"]}}],"collection":[{"href":"https:\/\/www.parthages.be\/eboutique\/wp-json\/wp\/v2\/product"}],"about":[{"href":"https:\/\/www.parthages.be\/eboutique\/wp-json\/wp\/v2\/types\/product"}],"replies":[{"embeddable":true,"href":"https:\/\/www.parthages.be\/eboutique\/wp-json\/wp\/v2\/comments?post=2093"}],"wp:featuredmedia":[{"embeddable":true,"href":"https:\/\/www.parthages.be\/eboutique\/wp-json\/wp\/v2\/media\/2094"}],"wp:attachment":[{"href":"https:\/\/www.parthages.be\/eboutique\/wp-json\/wp\/v2\/media?parent=2093"}],"curies":[{"name":"wp","href":"https:\/\/api.w.org\/{rel}","templated":true}]}}