{"id":2099,"date":"2021-10-19T13:36:30","date_gmt":"2021-10-19T11:36:30","guid":{"rendered":"https:\/\/www.parthages.be\/eboutique\/?post_type=product&#038;p=2099"},"modified":"2022-03-23T17:48:17","modified_gmt":"2022-03-23T16:48:17","slug":"jo-singe-garcon","status":"publish","type":"product","link":"https:\/\/www.parthages.be\/eboutique\/produit\/jo-singe-garcon\/","title":{"rendered":"Jo singe gar\u00e7on"},"content":{"rendered":"<p>Jo n&rsquo;est pas un enfant comme les autres, il est persuad\u00e9 d&rsquo;\u00eatre un singe-gar\u00e7on. A l&rsquo;\u00e9cole ou \u00e0 la maison, il ex\u00e9cute toutes sortes de singeries. Lorsqu&rsquo;il d\u00e9cide de s&rsquo;installer au zoo, il remarque qu&rsquo;il ressemble davantage \u00e0 ses camarades de classe qu&rsquo;aux chimpanz\u00e9s. (Pr\u00e9sentation de l\u2019\u00e9diteur)<\/p>\n<p>ALEMAGNA B.<\/p>\n<p>Editions autrement<\/p>\n<p>2010- 48p.<\/p>\n<p>ISBN\u00a0: 978-2-7467-1375-8<\/p>\n<p>Cote doc\u00a0: 11-ALE-J<\/p>\n<p>&nbsp;<\/p>\n<p><strong><em>Uniquement \u00e0 la location<\/em><\/strong><\/p>\n<span class=\"et_bloom_bottom_trigger\"><\/span>","protected":false},"excerpt":{"rendered":"<p>Jo n&rsquo;est pas un enfant comme les autres, il est persuad\u00e9 d&rsquo;\u00eatre un singe-gar\u00e7on.<\/p>\n","protected":false},"featured_media":2100,"comment_status":"closed","ping_status":"closed","template":"","meta":{"_et_pb_use_builder":"","_et_pb_old_content":"","_et_gb_content_width":"","spay_email":""},"class_list":["post-2099","product","type-product","status-publish","has-post-thumbnail","hentry","product_cat-livres","product_cat-livres-jeunesse","product_tag-difference","product_tag-image-de-soi","product_tag-jeunesse"],"jetpack_sharing_enabled":true,"jetpack_likes_enabled":true,"_links":{"self":[{"href":"https:\/\/www.parthages.be\/eboutique\/wp-json\/wp\/v2\/product\/2099","targetHints":{"allow":["GET"]}}],"collection":[{"href":"https:\/\/www.parthages.be\/eboutique\/wp-json\/wp\/v2\/product"}],"about":[{"href":"https:\/\/www.parthages.be\/eboutique\/wp-json\/wp\/v2\/types\/product"}],"replies":[{"embeddable":true,"href":"https:\/\/www.parthages.be\/eboutique\/wp-json\/wp\/v2\/comments?post=2099"}],"wp:featuredmedia":[{"embeddable":true,"href":"https:\/\/www.parthages.be\/eboutique\/wp-json\/wp\/v2\/media\/2100"}],"wp:attachment":[{"href":"https:\/\/www.parthages.be\/eboutique\/wp-json\/wp\/v2\/media?parent=2099"}],"curies":[{"name":"wp","href":"https:\/\/api.w.org\/{rel}","templated":true}]}}