{"id":2101,"date":"2021-10-19T13:37:37","date_gmt":"2021-10-19T11:37:37","guid":{"rendered":"https:\/\/www.parthages.be\/eboutique\/?post_type=product&#038;p=2101"},"modified":"2022-03-25T10:42:44","modified_gmt":"2022-03-25T09:42:44","slug":"lexperience-dune-seance-de-psychomotricite","status":"publish","type":"product","link":"https:\/\/www.parthages.be\/eboutique\/produit\/lexperience-dune-seance-de-psychomotricite\/","title":{"rendered":"Philippe et le tigre : L&rsquo;exp\u00e9rience d&rsquo;une s\u00e9ance de psychomotricit\u00e9"},"content":{"rendered":"<p><strong>Philippe et le tigre<\/strong><\/p>\n<p><strong>L&rsquo;exp\u00e9rience d&rsquo;une s\u00e9ance de psychomotricit\u00e9<\/strong><\/p>\n<p>Philippe suit une th\u00e9rapie en psychomotricit\u00e9. Qu&rsquo;est-ce que c&rsquo;est exactement? Que vit Philippe lors de cette prise en charge? Ce livre raconte l&rsquo;histoire d&rsquo;une s\u00e9ance en psychomotricit\u00e9 durant laquelle Philippe affronte ses faiblesses et ses difficult\u00e9s; il y d\u00e9couvre aussi ses comp\u00e9tences et prend confiance en lui. Des pages d&rsquo;information concernant la th\u00e9rapie en psychomotricit\u00e9 renseignent les adultes \u00e0 la fin du livre.<\/p>\n<p>BAERISWYL B. &#8211; KELLER K.<\/p>\n<p>Edition SZH\/CSPS<\/p>\n<p>2008-34p.<\/p>\n<p>Cote doc: 11-BAE-P<\/p>\n<p><strong><em>Uniquement \u00e0 la location<\/em><\/strong><\/p>\n<span class=\"et_bloom_bottom_trigger\"><\/span>","protected":false},"excerpt":{"rendered":"<p>Philippe suit une th\u00e9rapie en psychomotricit\u00e9. Qu&rsquo;est-ce que c&rsquo;est exactement? Que vit Philippe lors de cette prise en charge?<\/p>\n","protected":false},"featured_media":2102,"comment_status":"closed","ping_status":"closed","template":"","meta":{"_et_pb_use_builder":"","_et_pb_old_content":"","_et_gb_content_width":"","spay_email":""},"class_list":["post-2101","product","type-product","status-publish","has-post-thumbnail","hentry","product_cat-livres","product_cat-livres-jeunesse","product_tag-enfant","product_tag-parent","product_tag-pedagogie","product_tag-psychomotricite","product_tag-strategie","product_tag-therapeutique","product_tag-trouble-de-lapprentissage","product_tag-trouble-de-lattention","product_tag-trouble-du-comportement"],"jetpack_sharing_enabled":true,"jetpack_likes_enabled":true,"_links":{"self":[{"href":"https:\/\/www.parthages.be\/eboutique\/wp-json\/wp\/v2\/product\/2101","targetHints":{"allow":["GET"]}}],"collection":[{"href":"https:\/\/www.parthages.be\/eboutique\/wp-json\/wp\/v2\/product"}],"about":[{"href":"https:\/\/www.parthages.be\/eboutique\/wp-json\/wp\/v2\/types\/product"}],"replies":[{"embeddable":true,"href":"https:\/\/www.parthages.be\/eboutique\/wp-json\/wp\/v2\/comments?post=2101"}],"wp:featuredmedia":[{"embeddable":true,"href":"https:\/\/www.parthages.be\/eboutique\/wp-json\/wp\/v2\/media\/2102"}],"wp:attachment":[{"href":"https:\/\/www.parthages.be\/eboutique\/wp-json\/wp\/v2\/media?parent=2101"}],"curies":[{"name":"wp","href":"https:\/\/api.w.org\/{rel}","templated":true}]}}