{"id":2103,"date":"2021-10-19T13:41:31","date_gmt":"2021-10-19T11:41:31","guid":{"rendered":"https:\/\/www.parthages.be\/eboutique\/?post_type=product&#038;p=2103"},"modified":"2022-03-25T10:44:43","modified_gmt":"2022-03-25T09:44:43","slug":"soiree-pyjama","status":"publish","type":"product","link":"https:\/\/www.parthages.be\/eboutique\/produit\/soiree-pyjama\/","title":{"rendered":"Soir\u00e9e pyjama"},"content":{"rendered":"<p>Daisy est nouvelle \u00e0 l\u2019\u00e9cole et aimerait bien avoir une meilleure amie. Elle a donc lanc\u00e9 l\u2019id\u00e9e de l\u2019Alphabet, un club secret qui r\u00e9unit cinq filles dont le pr\u00e9nom commence par les premi\u00e8res lettres : Amy, Bella, Chlo\u00e9, Daisy et Emily. \u00c0 tour de r\u00f4le, elles s\u2019invitent \u00e0 une soir\u00e9e pyjama pour leur anniversaire. Daisy sera-t-elle invit\u00e9e par Chlo\u00e9 qui semble tellement la d\u00e9tester? Quand arrive enfin son tour, Daisy s&rsquo;inqui\u00e8te. Elle craint les r\u00e9actions de ses amies quand elles d\u00e9couvriront que sa grande s\u0153ur Lily est handicap\u00e9e. Heureusement, tout se passera bien \u2013ou presque\u2013 gr\u00e2ce \u00e0 sa s\u0153ur, justement, et Daisy d\u00e9couvrira sa meilleure amie. (Pr\u00e9sentation de l&rsquo;\u00e9diteur)<\/p>\n<p>WILSON J. &#8211; SHARRATT N.<\/p>\n<p>Gallimard- Folio cadet<\/p>\n<p>2005-176p.<\/p>\n<p>ISBN: 978-2-057096-6<\/p>\n<p>Cote doc: 11-WIL-S<\/p>\n<p><strong><em>Uniquement \u00e0 la location<\/em><\/strong><\/p>\n<span class=\"et_bloom_bottom_trigger\"><\/span>","protected":false},"excerpt":{"rendered":"<p>Daisy est nouvelle \u00e0 l\u2019\u00e9cole et aimerait bien avoir une meilleure amie. Elle a donc lanc\u00e9 l\u2019id\u00e9e de l\u2019Alphabet, un club secret qui r\u00e9unit cinq filles dont le pr\u00e9nom commence par les premi\u00e8res lettres : Amy, Bella, Chlo\u00e9, Daisy et Emily.<\/p>\n","protected":false},"featured_media":2104,"comment_status":"closed","ping_status":"closed","template":"","meta":{"_et_pb_use_builder":"","_et_pb_old_content":"","_et_gb_content_width":"","spay_email":""},"class_list":["post-2103","product","type-product","status-publish","has-post-thumbnail","hentry","product_cat-livres","product_cat-livres-jeunesse","product_tag-difference","product_tag-image-de-soi","product_tag-jeunesse"],"jetpack_sharing_enabled":true,"jetpack_likes_enabled":true,"_links":{"self":[{"href":"https:\/\/www.parthages.be\/eboutique\/wp-json\/wp\/v2\/product\/2103","targetHints":{"allow":["GET"]}}],"collection":[{"href":"https:\/\/www.parthages.be\/eboutique\/wp-json\/wp\/v2\/product"}],"about":[{"href":"https:\/\/www.parthages.be\/eboutique\/wp-json\/wp\/v2\/types\/product"}],"replies":[{"embeddable":true,"href":"https:\/\/www.parthages.be\/eboutique\/wp-json\/wp\/v2\/comments?post=2103"}],"wp:featuredmedia":[{"embeddable":true,"href":"https:\/\/www.parthages.be\/eboutique\/wp-json\/wp\/v2\/media\/2104"}],"wp:attachment":[{"href":"https:\/\/www.parthages.be\/eboutique\/wp-json\/wp\/v2\/media?parent=2103"}],"curies":[{"name":"wp","href":"https:\/\/api.w.org\/{rel}","templated":true}]}}