{"id":2105,"date":"2021-10-19T13:50:57","date_gmt":"2021-10-19T11:50:57","guid":{"rendered":"https:\/\/www.parthages.be\/eboutique\/?post_type=product&#038;p=2105"},"modified":"2022-03-25T10:45:48","modified_gmt":"2022-03-25T09:45:48","slug":"tu-es-trop-petit","status":"publish","type":"product","link":"https:\/\/www.parthages.be\/eboutique\/produit\/tu-es-trop-petit\/","title":{"rendered":"Tu es trop petit !"},"content":{"rendered":"<p>Pip la petite souris aimerait beaucoup venir en aide \u00e0 ses amis qui ont l\u2019air d\u00e9bord\u00e9s, mais tous lui opposent invariablement la m\u00eame r\u00e9ponse : \u00ab\u00a0C\u2019est gentil mais tu es trop petit !\u00a0\u00bb<\/p>\n<p>Heureusement, Pip va finir par trouver un moyen de se rendre indispensable aupr\u00e8s de ses amis\u2026Cet album d\u00e9veloppe l\u2019id\u00e9e tr\u00e8s simple que l\u2019on a \u00ab toujours besoin d\u2019un plus petit que soi \u00bb, m\u00eame si l\u2019on se croit \u00e0 l\u2019abri de tout souci. (Pr\u00e9sentation de l&rsquo;\u00e9diteur)<\/p>\n<p>RODDIE S. &#8211; LAVIS S.<\/p>\n<p>2004-32p<\/p>\n<p>ISBN\u00a0: 978-2-7459-6540-0<\/p>\n<p>Cote doc\u00a0:\u00a011-ROD-T<\/p>\n<p><strong><em>Uniquement \u00e0 la location<\/em><\/strong><\/p>\n<span class=\"et_bloom_bottom_trigger\"><\/span>","protected":false},"excerpt":{"rendered":"<p>Pip la petite souris aimerait beaucoup venir en aide \u00e0 ses amis qui ont l\u2019air d\u00e9bord\u00e9s, mais tous lui opposent invariablement la m\u00eame r\u00e9ponse : \u00ab\u00a0C\u2019est gentil mais tu es trop petit !\u00a0\u00bb<\/p>\n","protected":false},"featured_media":2106,"comment_status":"closed","ping_status":"closed","template":"","meta":{"_et_pb_use_builder":"","_et_pb_old_content":"","_et_gb_content_width":"","spay_email":""},"class_list":["post-2105","product","type-product","status-publish","has-post-thumbnail","hentry","product_cat-livres","product_cat-livres-jeunesse","product_tag-difference"],"jetpack_sharing_enabled":true,"jetpack_likes_enabled":true,"_links":{"self":[{"href":"https:\/\/www.parthages.be\/eboutique\/wp-json\/wp\/v2\/product\/2105","targetHints":{"allow":["GET"]}}],"collection":[{"href":"https:\/\/www.parthages.be\/eboutique\/wp-json\/wp\/v2\/product"}],"about":[{"href":"https:\/\/www.parthages.be\/eboutique\/wp-json\/wp\/v2\/types\/product"}],"replies":[{"embeddable":true,"href":"https:\/\/www.parthages.be\/eboutique\/wp-json\/wp\/v2\/comments?post=2105"}],"wp:featuredmedia":[{"embeddable":true,"href":"https:\/\/www.parthages.be\/eboutique\/wp-json\/wp\/v2\/media\/2106"}],"wp:attachment":[{"href":"https:\/\/www.parthages.be\/eboutique\/wp-json\/wp\/v2\/media?parent=2105"}],"curies":[{"name":"wp","href":"https:\/\/api.w.org\/{rel}","templated":true}]}}