{"id":2107,"date":"2021-10-19T13:51:54","date_gmt":"2021-10-19T11:51:54","guid":{"rendered":"https:\/\/www.parthages.be\/eboutique\/?post_type=product&#038;p=2107"},"modified":"2022-03-23T17:39:01","modified_gmt":"2022-03-23T16:39:01","slug":"ici-cest-chez-moi","status":"publish","type":"product","link":"https:\/\/www.parthages.be\/eboutique\/produit\/ici-cest-chez-moi\/","title":{"rendered":"Ici, c&rsquo;est chez moi"},"content":{"rendered":"<p>Aujourd\u2019hui, chaque \u00e9l\u00e8ve apporte un poisson rouge en classe. Celui de L\u00e9o est tout jaune et tout petit\u2026 Tout le monde se moque de lui, bouh ! Heureusement, la ma\u00eetresse a plus d\u2019un tour dans son cartable\u2026 (Pr\u00e9sentation de l\u2019\u00e9diteur)<\/p>\n<p>RUILLIER J.<\/p>\n<p>Editions autrement<\/p>\n<p>2013-32p<\/p>\n<p>ISBN\u00a0: 978-2-7467-3420-3<\/p>\n<p>Cote doc\u00a0:\u00a011-RUI-I<\/p>\n<p><strong><em>Uniquement \u00e0 la location<\/em><\/strong><\/p>\n<span class=\"et_bloom_bottom_trigger\"><\/span>","protected":false},"excerpt":{"rendered":"<p>Aujourd\u2019hui, chaque \u00e9l\u00e8ve apporte un poisson rouge en classe. Celui de L\u00e9o est tout jaune et tout petit\u2026 Tout le monde se moque de lui, bouh ! Heureusement, la ma\u00eetresse a plus d\u2019un tour dans son cartable\u2026 (Pr\u00e9sentation de l\u2019\u00e9diteur) RUILLIER J. Editions autrement 2013-32p ISBN\u00a0: 978-2-7467-3420-3 Cote doc\u00a0:\u00a011-RUI-I Uniquement \u00e0 la location<\/p>\n","protected":false},"featured_media":2108,"comment_status":"closed","ping_status":"closed","template":"","meta":{"_et_pb_use_builder":"","_et_pb_old_content":"","_et_gb_content_width":"","spay_email":""},"class_list":["post-2107","product","type-product","status-publish","has-post-thumbnail","hentry","product_cat-livres","product_cat-livres-jeunesse","product_tag-difference"],"jetpack_sharing_enabled":true,"jetpack_likes_enabled":true,"_links":{"self":[{"href":"https:\/\/www.parthages.be\/eboutique\/wp-json\/wp\/v2\/product\/2107","targetHints":{"allow":["GET"]}}],"collection":[{"href":"https:\/\/www.parthages.be\/eboutique\/wp-json\/wp\/v2\/product"}],"about":[{"href":"https:\/\/www.parthages.be\/eboutique\/wp-json\/wp\/v2\/types\/product"}],"replies":[{"embeddable":true,"href":"https:\/\/www.parthages.be\/eboutique\/wp-json\/wp\/v2\/comments?post=2107"}],"wp:featuredmedia":[{"embeddable":true,"href":"https:\/\/www.parthages.be\/eboutique\/wp-json\/wp\/v2\/media\/2108"}],"wp:attachment":[{"href":"https:\/\/www.parthages.be\/eboutique\/wp-json\/wp\/v2\/media?parent=2107"}],"curies":[{"name":"wp","href":"https:\/\/api.w.org\/{rel}","templated":true}]}}