{"id":2109,"date":"2021-10-19T13:55:53","date_gmt":"2021-10-19T11:55:53","guid":{"rendered":"https:\/\/www.parthages.be\/eboutique\/?post_type=product&#038;p=2109"},"modified":"2022-03-23T17:54:51","modified_gmt":"2022-03-23T16:54:51","slug":"le-sandwich-de-mammouth","status":"publish","type":"product","link":"https:\/\/www.parthages.be\/eboutique\/produit\/le-sandwich-de-mammouth\/","title":{"rendered":"Le sandwich de mammouth"},"content":{"rendered":"<p>Ran en a assez. On se moque toujours de lui parce qu\u2019il est trop petit. Trop petit, trop jeune, trop\u2026 ASSEZ ! C\u2019est d\u00e9cid\u00e9 : il va montrer \u00e0 toute la tribu ce dont il est capable : pourquoi pas tuer un mammouth, tout seul, comme un grand ? (pr\u00e9sentation de l&rsquo;\u00e9diteur)<\/p>\n<p>PIQUEMAL M.- LE N\u00c9OUANIC L.<\/p>\n<p>Milan<\/p>\n<p>2007-24p.<\/p>\n<p>ISBN: 978-2-7459-2511-4<\/p>\n<p>Cote doc:\u00a011-PIQ-S<\/p>\n<p><strong><em>Uniquement \u00e0 la location<\/em><\/strong><\/p>\n<span class=\"et_bloom_bottom_trigger\"><\/span>","protected":false},"excerpt":{"rendered":"<p>Ran en a assez. On se moque toujours de lui parce qu\u2019il est trop petit. Trop petit, trop jeune, trop\u2026<\/p>\n","protected":false},"featured_media":2110,"comment_status":"closed","ping_status":"closed","template":"","meta":{"_et_pb_use_builder":"","_et_pb_old_content":"","_et_gb_content_width":"","spay_email":""},"class_list":["post-2109","product","type-product","status-publish","has-post-thumbnail","hentry","product_cat-livres","product_cat-livres-jeunesse","product_tag-difference"],"jetpack_sharing_enabled":true,"jetpack_likes_enabled":true,"_links":{"self":[{"href":"https:\/\/www.parthages.be\/eboutique\/wp-json\/wp\/v2\/product\/2109","targetHints":{"allow":["GET"]}}],"collection":[{"href":"https:\/\/www.parthages.be\/eboutique\/wp-json\/wp\/v2\/product"}],"about":[{"href":"https:\/\/www.parthages.be\/eboutique\/wp-json\/wp\/v2\/types\/product"}],"replies":[{"embeddable":true,"href":"https:\/\/www.parthages.be\/eboutique\/wp-json\/wp\/v2\/comments?post=2109"}],"wp:featuredmedia":[{"embeddable":true,"href":"https:\/\/www.parthages.be\/eboutique\/wp-json\/wp\/v2\/media\/2110"}],"wp:attachment":[{"href":"https:\/\/www.parthages.be\/eboutique\/wp-json\/wp\/v2\/media?parent=2109"}],"curies":[{"name":"wp","href":"https:\/\/api.w.org\/{rel}","templated":true}]}}