{"id":2111,"date":"2021-10-19T13:58:17","date_gmt":"2021-10-19T11:58:17","guid":{"rendered":"https:\/\/www.parthages.be\/eboutique\/?post_type=product&#038;p=2111"},"modified":"2022-03-25T10:48:05","modified_gmt":"2022-03-25T09:48:05","slug":"un-tout-petit-coup-de-main","status":"publish","type":"product","link":"https:\/\/www.parthages.be\/eboutique\/produit\/un-tout-petit-coup-de-main\/","title":{"rendered":"Un tout petit coup de main"},"content":{"rendered":"<p>\u00c9l\u00e9phant et Souris d\u00e9cident de monter sur le jeu de bascule. \u00c9videmment, face \u00e0 \u00c9l\u00e9phant, Souris est loin de faire le poids ! \u00c0 moins qu&rsquo;un petit coup de main, ajout\u00e9 \u00e0 un autre&#8230; (Pr\u00e9sentation de l\u2019\u00e9diteur)<\/p>\n<p>TOMPERT A. &#8211; MUNSINGER L.<\/p>\n<p>Ecole des Loisirs<\/p>\n<p>2004-32p.<\/p>\n<p>ISBN: 978-2-211-0427-10<\/p>\n<p>Cote doc: 11-TOM-U<\/p>\n<p><strong><em>Uniquement \u00e0 la location<\/em><\/strong><\/p>\n<span class=\"et_bloom_bottom_trigger\"><\/span>","protected":false},"excerpt":{"rendered":"<p>\u00c9l\u00e9phant et Souris d\u00e9cident de monter sur le jeu de bascule. \u00c9videmment, face \u00e0 \u00c9l\u00e9phant, Souris est loin de faire le poids ! \u00c0 moins qu&rsquo;un petit coup de main, ajout\u00e9 \u00e0 un autre&#8230; (Pr\u00e9sentation de l\u2019\u00e9diteur)<\/p>\n","protected":false},"featured_media":2112,"comment_status":"closed","ping_status":"closed","template":"","meta":{"_et_pb_use_builder":"","_et_pb_old_content":"","_et_gb_content_width":"","spay_email":""},"class_list":["post-2111","product","type-product","status-publish","has-post-thumbnail","hentry","product_cat-livres","product_cat-livres-jeunesse","product_tag-difference"],"jetpack_sharing_enabled":true,"jetpack_likes_enabled":true,"_links":{"self":[{"href":"https:\/\/www.parthages.be\/eboutique\/wp-json\/wp\/v2\/product\/2111","targetHints":{"allow":["GET"]}}],"collection":[{"href":"https:\/\/www.parthages.be\/eboutique\/wp-json\/wp\/v2\/product"}],"about":[{"href":"https:\/\/www.parthages.be\/eboutique\/wp-json\/wp\/v2\/types\/product"}],"replies":[{"embeddable":true,"href":"https:\/\/www.parthages.be\/eboutique\/wp-json\/wp\/v2\/comments?post=2111"}],"wp:featuredmedia":[{"embeddable":true,"href":"https:\/\/www.parthages.be\/eboutique\/wp-json\/wp\/v2\/media\/2112"}],"wp:attachment":[{"href":"https:\/\/www.parthages.be\/eboutique\/wp-json\/wp\/v2\/media?parent=2111"}],"curies":[{"name":"wp","href":"https:\/\/api.w.org\/{rel}","templated":true}]}}