{"id":2116,"date":"2021-10-19T14:12:05","date_gmt":"2021-10-19T12:12:05","guid":{"rendered":"https:\/\/www.parthages.be\/eboutique\/?post_type=product&#038;p=2116"},"modified":"2022-03-23T17:37:55","modified_gmt":"2022-03-23T16:37:55","slug":"elmer","status":"publish","type":"product","link":"https:\/\/www.parthages.be\/eboutique\/produit\/elmer\/","title":{"rendered":"Elmer"},"content":{"rendered":"<p>Elmer est diff\u00e9rent des autres \u00e9l\u00e9phants : il est bariol\u00e9 et cette diff\u00e9rence lui d\u00e9pla\u00eet. Mais il d\u00e9couvrira que sa singularit\u00e9 ne l&#8217;emp\u00eache pas de rester le m\u00eame bon Elmer pour ses amis. (Pr\u00e9sentation de l&rsquo;\u00e9diteur)<\/p>\n<p>MCKEE D.<\/p>\n<p>Les lutins poche<\/p>\n<p>2016-36p.<\/p>\n<p>ISBN\u00a0: 978-2-211-01944-6<\/p>\n<p>Cote doc\u00a0: 11-MCK-E<\/p>\n<p><strong><em>Uniquement \u00e0 la location<\/em><\/strong><\/p>\n<span class=\"et_bloom_bottom_trigger\"><\/span>","protected":false},"excerpt":{"rendered":"<p>Elmer est diff\u00e9rent des autres \u00e9l\u00e9phants : il est bariol\u00e9 et cette diff\u00e9rence lui d\u00e9pla\u00eet. Mais il d\u00e9couvrira que sa singularit\u00e9 ne l&#8217;emp\u00eache pas de rester le m\u00eame bon Elmer pour ses amis.<\/p>\n","protected":false},"featured_media":2117,"comment_status":"closed","ping_status":"closed","template":"","meta":{"_et_pb_use_builder":"","_et_pb_old_content":"","_et_gb_content_width":"","spay_email":""},"class_list":["post-2116","product","type-product","status-publish","has-post-thumbnail","hentry","product_cat-livres","product_cat-livres-jeunesse","product_tag-difference"],"jetpack_sharing_enabled":true,"jetpack_likes_enabled":true,"_links":{"self":[{"href":"https:\/\/www.parthages.be\/eboutique\/wp-json\/wp\/v2\/product\/2116","targetHints":{"allow":["GET"]}}],"collection":[{"href":"https:\/\/www.parthages.be\/eboutique\/wp-json\/wp\/v2\/product"}],"about":[{"href":"https:\/\/www.parthages.be\/eboutique\/wp-json\/wp\/v2\/types\/product"}],"replies":[{"embeddable":true,"href":"https:\/\/www.parthages.be\/eboutique\/wp-json\/wp\/v2\/comments?post=2116"}],"wp:featuredmedia":[{"embeddable":true,"href":"https:\/\/www.parthages.be\/eboutique\/wp-json\/wp\/v2\/media\/2117"}],"wp:attachment":[{"href":"https:\/\/www.parthages.be\/eboutique\/wp-json\/wp\/v2\/media?parent=2116"}],"curies":[{"name":"wp","href":"https:\/\/api.w.org\/{rel}","templated":true}]}}