{"id":2121,"date":"2021-10-19T14:18:58","date_gmt":"2021-10-19T12:18:58","guid":{"rendered":"https:\/\/www.parthages.be\/eboutique\/?post_type=product&#038;p=2121"},"modified":"2022-03-25T10:48:51","modified_gmt":"2022-03-25T09:48:51","slug":"une-histoire-de-cameleon","status":"publish","type":"product","link":"https:\/\/www.parthages.be\/eboutique\/produit\/une-histoire-de-cameleon\/","title":{"rendered":"Une histoire de cam\u00e9l\u00e9on"},"content":{"rendered":"<p>Vert dans les feuilles, jaune sur le citron, violet dans la bruy\u00e8re et noir dans la nuit, le cam\u00e9l\u00e9on en a assez de changer sans cesse de couleurs. Jusqu&rsquo;au jour o\u00f9 il rencontre un autre cam\u00e9l\u00e9on qui a peut-\u00eatre une solution pour \u00eatre plus heureux\u2026 \u00e0 deux ! (Pr\u00e9sentation de l&rsquo;\u00e9diteur)<\/p>\n<p>LIONNI L.<\/p>\n<p>Editions L&rsquo;\u00e9cole des loisirs<\/p>\n<p>2000 -32p.-39g -13\u20ac<\/p>\n<p>ISBN: 978-2-2110-3581-1<\/p>\n<p>Cote doc\u00a0: 11-LIO-H<\/p>\n<span class=\"et_bloom_bottom_trigger\"><\/span>","protected":false},"excerpt":{"rendered":"<p>Vert dans les feuilles, jaune sur le citron, violet dans la bruy\u00e8re et noir dans la nuit, le cam\u00e9l\u00e9on en a assez de changer sans cesse de couleurs.<\/p>\n","protected":false},"featured_media":2122,"comment_status":"closed","ping_status":"closed","template":"","meta":{"_et_pb_use_builder":"","_et_pb_old_content":"","_et_gb_content_width":"","spay_email":""},"class_list":["post-2121","product","type-product","status-publish","has-post-thumbnail","hentry","product_cat-livres","product_cat-livres-jeunesse","product_tag-difference","product_tag-enfant"],"jetpack_sharing_enabled":true,"jetpack_likes_enabled":true,"_links":{"self":[{"href":"https:\/\/www.parthages.be\/eboutique\/wp-json\/wp\/v2\/product\/2121","targetHints":{"allow":["GET"]}}],"collection":[{"href":"https:\/\/www.parthages.be\/eboutique\/wp-json\/wp\/v2\/product"}],"about":[{"href":"https:\/\/www.parthages.be\/eboutique\/wp-json\/wp\/v2\/types\/product"}],"replies":[{"embeddable":true,"href":"https:\/\/www.parthages.be\/eboutique\/wp-json\/wp\/v2\/comments?post=2121"}],"wp:featuredmedia":[{"embeddable":true,"href":"https:\/\/www.parthages.be\/eboutique\/wp-json\/wp\/v2\/media\/2122"}],"wp:attachment":[{"href":"https:\/\/www.parthages.be\/eboutique\/wp-json\/wp\/v2\/media?parent=2121"}],"curies":[{"name":"wp","href":"https:\/\/api.w.org\/{rel}","templated":true}]}}