{"id":2124,"date":"2021-10-19T14:32:03","date_gmt":"2021-10-19T12:32:03","guid":{"rendered":"https:\/\/www.parthages.be\/eboutique\/?post_type=product&#038;p=2124"},"modified":"2022-02-18T10:21:32","modified_gmt":"2022-02-18T09:21:32","slug":"la-couronne","status":"publish","type":"product","link":"https:\/\/www.parthages.be\/eboutique\/produit\/la-couronne\/","title":{"rendered":"La couronne"},"content":{"rendered":"<p>Lou a toujours \u00e9t\u00e9 fi\u00e8re de sa belle chevelure hors du commun. En grandissant, elle d\u00e9couvre chez les autres des regards curieux, des moqueries, des commentaires d\u00e9sobligeants ou compatissants\u2026 Le reflet que lui renvoie le regard des autres la conduit petit \u00e0 petit \u00e0 avoir honte de ses cheveux. (Pr\u00e9sentation de l&rsquo;\u00e9diteur)<\/p>\n<p>HEURTIER A. &amp; ALEMANNO A.<\/p>\n<p>Editions Alice Jeunesse<\/p>\n<p>2016\u00a0 -32p. -400g -12\u20ac<\/p>\n<p>ISBN: 978-2-8742-6275-3<\/p>\n<p>Cote doc\u00a0: 11-HEU-C<\/p>\n<p>&nbsp;<\/p>\n<span class=\"et_bloom_bottom_trigger\"><\/span>","protected":false},"excerpt":{"rendered":"<p>Lou a toujours \u00e9t\u00e9 fi\u00e8re de sa belle chevelure hors du commun. En grandissant, elle d\u00e9couvre chez les autres des regards curieux, des moqueries, des commentaires d\u00e9sobligeants ou compatissants\u2026 Le reflet que lui renvoie le regard des autres la conduit petit \u00e0 petit \u00e0 avoir honte de ses cheveux. (Pr\u00e9sentation de l&rsquo;\u00e9diteur) HEURTIER A. &amp; [&hellip;]<\/p>\n","protected":false},"featured_media":2125,"comment_status":"closed","ping_status":"closed","template":"","meta":{"_et_pb_use_builder":"","_et_pb_old_content":"","_et_gb_content_width":"","spay_email":""},"class_list":["post-2124","product","type-product","status-publish","has-post-thumbnail","hentry","product_cat-livres","product_cat-livres-jeunesse","product_tag-difference","product_tag-tolerance"],"jetpack_sharing_enabled":true,"jetpack_likes_enabled":true,"_links":{"self":[{"href":"https:\/\/www.parthages.be\/eboutique\/wp-json\/wp\/v2\/product\/2124","targetHints":{"allow":["GET"]}}],"collection":[{"href":"https:\/\/www.parthages.be\/eboutique\/wp-json\/wp\/v2\/product"}],"about":[{"href":"https:\/\/www.parthages.be\/eboutique\/wp-json\/wp\/v2\/types\/product"}],"replies":[{"embeddable":true,"href":"https:\/\/www.parthages.be\/eboutique\/wp-json\/wp\/v2\/comments?post=2124"}],"wp:featuredmedia":[{"embeddable":true,"href":"https:\/\/www.parthages.be\/eboutique\/wp-json\/wp\/v2\/media\/2125"}],"wp:attachment":[{"href":"https:\/\/www.parthages.be\/eboutique\/wp-json\/wp\/v2\/media?parent=2124"}],"curies":[{"name":"wp","href":"https:\/\/api.w.org\/{rel}","templated":true}]}}