{"id":2126,"date":"2021-10-19T14:34:59","date_gmt":"2021-10-19T12:34:59","guid":{"rendered":"https:\/\/www.parthages.be\/eboutique\/?post_type=product&#038;p=2126"},"modified":"2022-03-23T17:38:14","modified_gmt":"2022-03-23T16:38:14","slug":"esther-a-les-pieds-sur-terre","status":"publish","type":"product","link":"https:\/\/www.parthages.be\/eboutique\/produit\/esther-a-les-pieds-sur-terre\/","title":{"rendered":"Esther a les pieds sur terre"},"content":{"rendered":"<p>Esther d\u00e9barque \u00e0 Paris o\u00f9 ses pieds d\u00e9mesur\u00e9s rendent les d\u00e9placements en m\u00e9tro p\u00e9rilleux et lui interdisent les escarpins. Ing\u00e9nieuse, elle lance une collection de chaussures dont les Parisiennes raffolent. (Pr\u00e9sentation de l&rsquo;\u00e9diteur)<\/p>\n<p>FRED L.<\/p>\n<p>Editions Talents Hauts<\/p>\n<p>2012 -49p. -230g -13\u20ac<\/p>\n<p>ISBN: 978-2-3626-6066-5<\/p>\n<p>Cote doc\u00a0: 11-FRE-E<\/p>\n<span class=\"et_bloom_bottom_trigger\"><\/span>","protected":false},"excerpt":{"rendered":"<p>Esther d\u00e9barque \u00e0 Paris o\u00f9 ses pieds d\u00e9mesur\u00e9s rendent les d\u00e9placements en m\u00e9tro p\u00e9rilleux et lui interdisent les escarpins<\/p>\n","protected":false},"featured_media":2127,"comment_status":"closed","ping_status":"closed","template":"","meta":{"_et_pb_use_builder":"","_et_pb_old_content":"","_et_gb_content_width":"","spay_email":""},"class_list":["post-2126","product","type-product","status-publish","has-post-thumbnail","hentry","product_cat-livres","product_cat-livres-jeunesse","product_tag-difference","product_tag-tolerance"],"jetpack_sharing_enabled":true,"jetpack_likes_enabled":true,"_links":{"self":[{"href":"https:\/\/www.parthages.be\/eboutique\/wp-json\/wp\/v2\/product\/2126","targetHints":{"allow":["GET"]}}],"collection":[{"href":"https:\/\/www.parthages.be\/eboutique\/wp-json\/wp\/v2\/product"}],"about":[{"href":"https:\/\/www.parthages.be\/eboutique\/wp-json\/wp\/v2\/types\/product"}],"replies":[{"embeddable":true,"href":"https:\/\/www.parthages.be\/eboutique\/wp-json\/wp\/v2\/comments?post=2126"}],"wp:featuredmedia":[{"embeddable":true,"href":"https:\/\/www.parthages.be\/eboutique\/wp-json\/wp\/v2\/media\/2127"}],"wp:attachment":[{"href":"https:\/\/www.parthages.be\/eboutique\/wp-json\/wp\/v2\/media?parent=2126"}],"curies":[{"name":"wp","href":"https:\/\/api.w.org\/{rel}","templated":true}]}}