{"id":2128,"date":"2021-10-19T14:37:26","date_gmt":"2021-10-19T12:37:26","guid":{"rendered":"https:\/\/www.parthages.be\/eboutique\/?post_type=product&#038;p=2128"},"modified":"2022-02-18T10:21:32","modified_gmt":"2022-02-18T09:21:32","slug":"les-giboulees-de-mamzelle-suzon","status":"publish","type":"product","link":"https:\/\/www.parthages.be\/eboutique\/produit\/les-giboulees-de-mamzelle-suzon\/","title":{"rendered":"Les giboul\u00e9es de Mam\u2019zelle Suzon"},"content":{"rendered":"<p>Mam\u2019zelle Suzon a des giboul\u00e9es dans le capuchon, \u00e9t\u00e9 comme hiver. Elle prend le go\u00fbter pour le d\u00e9jeuner, la porte d\u2019entr\u00e9e pour celle de derri\u00e8re. En vieillissant, Mam\u2019zelle Suzon perd un peu la boussole. (Pr\u00e9sentation de l&rsquo;\u00e9diteur)<\/p>\n<p>&nbsp;<\/p>\n<p>FRED L.<\/p>\n<p>Editions Alice Jeunesse<\/p>\n<p>2011 -32p. -275g -11,40\u20ac<\/p>\n<p>ISBN: 978-2-8742-6143-5<\/p>\n<p>Cote doc\u00a0: 11-CAR-L<\/p>\n<p>&nbsp;<\/p>\n<span class=\"et_bloom_bottom_trigger\"><\/span>","protected":false},"excerpt":{"rendered":"<p>Mam\u2019zelle Suzon a des giboul\u00e9es dans le capuchon, \u00e9t\u00e9 comme hiver.<\/p>\n","protected":false},"featured_media":2129,"comment_status":"closed","ping_status":"closed","template":"","meta":{"_et_pb_use_builder":"","_et_pb_old_content":"","_et_gb_content_width":"","spay_email":""},"class_list":["post-2128","product","type-product","status-publish","has-post-thumbnail","hentry","product_cat-livres","product_cat-livres-jeunesse","product_tag-difference","product_tag-maladie-dalzeihmer","product_tag-tolerance","product_tag-vieillesse"],"jetpack_sharing_enabled":true,"jetpack_likes_enabled":true,"_links":{"self":[{"href":"https:\/\/www.parthages.be\/eboutique\/wp-json\/wp\/v2\/product\/2128","targetHints":{"allow":["GET"]}}],"collection":[{"href":"https:\/\/www.parthages.be\/eboutique\/wp-json\/wp\/v2\/product"}],"about":[{"href":"https:\/\/www.parthages.be\/eboutique\/wp-json\/wp\/v2\/types\/product"}],"replies":[{"embeddable":true,"href":"https:\/\/www.parthages.be\/eboutique\/wp-json\/wp\/v2\/comments?post=2128"}],"wp:featuredmedia":[{"embeddable":true,"href":"https:\/\/www.parthages.be\/eboutique\/wp-json\/wp\/v2\/media\/2129"}],"wp:attachment":[{"href":"https:\/\/www.parthages.be\/eboutique\/wp-json\/wp\/v2\/media?parent=2128"}],"curies":[{"name":"wp","href":"https:\/\/api.w.org\/{rel}","templated":true}]}}