{"id":2130,"date":"2021-10-19T14:39:23","date_gmt":"2021-10-19T12:39:23","guid":{"rendered":"https:\/\/www.parthages.be\/eboutique\/?post_type=product&#038;p=2130"},"modified":"2022-03-23T17:49:56","modified_gmt":"2022-03-23T16:49:56","slug":"les-listes-de-wallace","status":"publish","type":"product","link":"https:\/\/www.parthages.be\/eboutique\/produit\/les-listes-de-wallace\/","title":{"rendered":"Les listes de Wallace"},"content":{"rendered":"<p>Wallace est un souriceau tr\u00e8s ordonn\u00e9: toute sa vie est r\u00e9gie par des listes de choses \u00e0 faire, qu&rsquo;il pr\u00e9pare soigneusement. Aussi est-il bien emb\u00eat\u00e9 lorsque surgit dans sa vie son nouveau voisin Albert, un souriceau tr\u00e8s sympathique. Wallace ne demanderait pas mieux que de faire des choses en sa compagnie mais Albert s&rsquo;ing\u00e9nie \u00e0 choisir des activit\u00e9s qui ne sont pr\u00e9vues dans aucune liste. (Pr\u00e9sentation de l&rsquo;\u00e9diteur)<\/p>\n<p>BOTTNER B. &amp; KRUGLIK G.<\/p>\n<p>Editions CASTERMAN<\/p>\n<p>2011 -30p. -472g -13,95\u20ac<\/p>\n<p>ISBN: 978-2-203-03551-5<\/p>\n<p>Cote doc\u00a0: 11-BOT-L<\/p>\n<span class=\"et_bloom_bottom_trigger\"><\/span>","protected":false},"excerpt":{"rendered":"<p>Wallace est un souriceau tr\u00e8s ordonn\u00e9: toute sa vie est r\u00e9gie par des listes de choses \u00e0 faire, qu&rsquo;il pr\u00e9pare soigneusement.<\/p>\n","protected":false},"featured_media":2131,"comment_status":"closed","ping_status":"closed","template":"","meta":{"_et_pb_use_builder":"","_et_pb_old_content":"","_et_gb_content_width":"","spay_email":""},"class_list":["post-2130","product","type-product","status-publish","has-post-thumbnail","hentry","product_cat-livres","product_cat-livres-jeunesse","product_tag-difference","product_tag-tolerance"],"jetpack_sharing_enabled":true,"jetpack_likes_enabled":true,"_links":{"self":[{"href":"https:\/\/www.parthages.be\/eboutique\/wp-json\/wp\/v2\/product\/2130","targetHints":{"allow":["GET"]}}],"collection":[{"href":"https:\/\/www.parthages.be\/eboutique\/wp-json\/wp\/v2\/product"}],"about":[{"href":"https:\/\/www.parthages.be\/eboutique\/wp-json\/wp\/v2\/types\/product"}],"replies":[{"embeddable":true,"href":"https:\/\/www.parthages.be\/eboutique\/wp-json\/wp\/v2\/comments?post=2130"}],"wp:featuredmedia":[{"embeddable":true,"href":"https:\/\/www.parthages.be\/eboutique\/wp-json\/wp\/v2\/media\/2131"}],"wp:attachment":[{"href":"https:\/\/www.parthages.be\/eboutique\/wp-json\/wp\/v2\/media?parent=2130"}],"curies":[{"name":"wp","href":"https:\/\/api.w.org\/{rel}","templated":true}]}}