{"id":2132,"date":"2021-10-19T14:40:40","date_gmt":"2021-10-19T12:40:40","guid":{"rendered":"https:\/\/www.parthages.be\/eboutique\/?post_type=product&#038;p=2132"},"modified":"2022-03-23T17:55:51","modified_gmt":"2022-03-23T16:55:51","slug":"lhistoire-dhelen-keller","status":"publish","type":"product","link":"https:\/\/www.parthages.be\/eboutique\/produit\/lhistoire-dhelen-keller\/","title":{"rendered":"L\u2019histoire d&rsquo;Helen Keller"},"content":{"rendered":"<p>Quel avenir peut avoir une petite fille de six ans, aveugle, sourde et muette? Les parents d&rsquo;Helen sont d\u00e9sesp\u00e9r\u00e9s jusqu&rsquo;au jour o\u00f9 Ann Sullivan arrive chez eux pour tenter d&rsquo;aider Helen \u00e0 sortir de sa prison sans mots, ni couleurs ni sons. Les premiers \u00e9changes sont houleux, mais la pers\u00e9v\u00e9rance d&rsquo;Ann, l&rsquo;intelligence et le d\u00e9sir d&rsquo;apprendre d&rsquo;Helen parviennent \u00e0 vaincre l&rsquo;impossible. (Pr\u00e9sentation de l&rsquo;\u00e9diteur)<\/p>\n<p>HICKOK LORENA A.<\/p>\n<p>Editions Pocket Jeunesse<\/p>\n<p>2015 -240p. -159g<\/p>\n<p>ISBN: 978-2-2660-8662-2<\/p>\n<p>Cote doc\u00a0: 11-HIC-H<\/p>\n<p><strong><em>Uniquement \u00e0 la location<\/em><\/strong><em> (4 exemplaires)<\/em><\/p>\n<span class=\"et_bloom_bottom_trigger\"><\/span>","protected":false},"excerpt":{"rendered":"<p>Quel avenir peut avoir une petite fille de six ans, aveugle, sourde et muette? Les parents d&rsquo;Helen sont d\u00e9sesp\u00e9r\u00e9s jusqu&rsquo;au jour o\u00f9 Ann Sullivan arrive chez eux pour tenter d&rsquo;aider Helen \u00e0 sortir de sa prison sans mots, ni couleurs ni sons. Les premiers \u00e9changes sont houleux, mais la pers\u00e9v\u00e9rance d&rsquo;Ann, l&rsquo;intelligence et le d\u00e9sir [&hellip;]<\/p>\n","protected":false},"featured_media":2133,"comment_status":"closed","ping_status":"closed","template":"","meta":{"_et_pb_use_builder":"","_et_pb_old_content":"","_et_gb_content_width":"","spay_email":""},"class_list":["post-2132","product","type-product","status-publish","has-post-thumbnail","hentry","product_cat-livres","product_cat-livres-jeunesse","product_tag-bibliographie","product_tag-difference","product_tag-handicap"],"jetpack_sharing_enabled":true,"jetpack_likes_enabled":true,"_links":{"self":[{"href":"https:\/\/www.parthages.be\/eboutique\/wp-json\/wp\/v2\/product\/2132","targetHints":{"allow":["GET"]}}],"collection":[{"href":"https:\/\/www.parthages.be\/eboutique\/wp-json\/wp\/v2\/product"}],"about":[{"href":"https:\/\/www.parthages.be\/eboutique\/wp-json\/wp\/v2\/types\/product"}],"replies":[{"embeddable":true,"href":"https:\/\/www.parthages.be\/eboutique\/wp-json\/wp\/v2\/comments?post=2132"}],"wp:featuredmedia":[{"embeddable":true,"href":"https:\/\/www.parthages.be\/eboutique\/wp-json\/wp\/v2\/media\/2133"}],"wp:attachment":[{"href":"https:\/\/www.parthages.be\/eboutique\/wp-json\/wp\/v2\/media?parent=2132"}],"curies":[{"name":"wp","href":"https:\/\/api.w.org\/{rel}","templated":true}]}}