{"id":2134,"date":"2021-10-19T14:41:38","date_gmt":"2021-10-19T12:41:38","guid":{"rendered":"https:\/\/www.parthages.be\/eboutique\/?post_type=product&#038;p=2134"},"modified":"2022-03-25T10:50:05","modified_gmt":"2022-03-25T09:50:05","slug":"victor-tropetit","status":"publish","type":"product","link":"https:\/\/www.parthages.be\/eboutique\/produit\/victor-tropetit\/","title":{"rendered":"Victor Tropetit"},"content":{"rendered":"<p>Victor, surnomm\u00e9 Victor Tropetit \u00e0 cause de sa taille minuscule, est malheureux : il aimerait \u00eatre utile, mais \u00e0 chaque fois qu&rsquo;il propose son aide, on le renvoie ou on se moque de lui. Pourtant, un jour de march\u00e9, Baluchon, le fils du g\u00e9ant Balbuzard, s&rsquo;\u00e9touffe apr\u00e8s s&rsquo;\u00eatre empiffr\u00e9 de bonbons. Seul Victor r\u00e9agit face au d\u00e9sespoir du g\u00e9ant Balbuzard qui d\u00e9couvre son fils \u00e0 l&rsquo;article de la mort. Vif comme l&rsquo;\u00e9clair, Victor se glisse dans le gosier du gar\u00e7on et en extrait les bonbons qui l&#8217;emp\u00eachaient de respirer. Baluchon est sauv\u00e9 et Victor a prouv\u00e9 que m\u00eame tout petit on pouvait aider les autres. (Pr\u00e9sentation de l&rsquo;\u00e9diteur)<\/p>\n<p>HELLMANN-HURPOIL O.<\/p>\n<p>Editions P\u00e8re Castor<\/p>\n<p>2010 -24p. -8g<\/p>\n<p>ISBN: 978-2-0812-0337-2<\/p>\n<p>Cote doc: 11-HLL-V<\/p>\n<p><strong><em>Uniquement \u00e0 la location<\/em><\/strong><\/p>\n<span class=\"et_bloom_bottom_trigger\"><\/span>","protected":false},"excerpt":{"rendered":"<p>Victor, surnomm\u00e9 Victor Tropetit \u00e0 cause de sa taille minuscule, est malheureux : il aimerait \u00eatre utile, mais \u00e0 chaque fois qu&rsquo;il propose son aide, on le renvoie ou on se moque de lui.<\/p>\n","protected":false},"featured_media":2135,"comment_status":"closed","ping_status":"closed","template":"","meta":{"_et_pb_use_builder":"","_et_pb_old_content":"","_et_gb_content_width":"","spay_email":""},"class_list":["post-2134","product","type-product","status-publish","has-post-thumbnail","hentry","product_cat-livres","product_cat-livres-jeunesse","product_tag-difference","product_tag-enfant"],"jetpack_sharing_enabled":true,"jetpack_likes_enabled":true,"_links":{"self":[{"href":"https:\/\/www.parthages.be\/eboutique\/wp-json\/wp\/v2\/product\/2134","targetHints":{"allow":["GET"]}}],"collection":[{"href":"https:\/\/www.parthages.be\/eboutique\/wp-json\/wp\/v2\/product"}],"about":[{"href":"https:\/\/www.parthages.be\/eboutique\/wp-json\/wp\/v2\/types\/product"}],"replies":[{"embeddable":true,"href":"https:\/\/www.parthages.be\/eboutique\/wp-json\/wp\/v2\/comments?post=2134"}],"wp:featuredmedia":[{"embeddable":true,"href":"https:\/\/www.parthages.be\/eboutique\/wp-json\/wp\/v2\/media\/2135"}],"wp:attachment":[{"href":"https:\/\/www.parthages.be\/eboutique\/wp-json\/wp\/v2\/media?parent=2134"}],"curies":[{"name":"wp","href":"https:\/\/api.w.org\/{rel}","templated":true}]}}