{"id":2136,"date":"2021-10-19T14:44:39","date_gmt":"2021-10-19T12:44:39","guid":{"rendered":"https:\/\/www.parthages.be\/eboutique\/?post_type=product&#038;p=2136"},"modified":"2022-02-18T10:21:31","modified_gmt":"2022-02-18T09:21:31","slug":"akiko-lamoureuse","status":"publish","type":"product","link":"https:\/\/www.parthages.be\/eboutique\/produit\/akiko-lamoureuse\/","title":{"rendered":"Akiko l&rsquo;amoureuse"},"content":{"rendered":"<p>Akiko n\u2019a pas peur du noir et elle aime bien se promener la nuit au bord du lac. C\u2019est l\u00e0 qu\u2019elle rencontre Takiji qui, lui, a peur du soleil ! Le petit gar\u00e7on est persuad\u00e9 que la sorci\u00e8re lui a jet\u00e9 un sort et que les rayons du soleil le transformeraient en pierre. Avec l\u2019aide de ses amis les oiseaux et les renards de la for\u00eat, Akiko va venir en aide au petit gar\u00e7on. Car seul l\u2019amour de quelqu\u2019un pourra faire oublier sa peur \u00e0 Takiji et lui redonner confiance. (Pr\u00e9sentation de l&rsquo;\u00e9diteur).<\/p>\n<p>GUILLOPP\u00c9 A.<\/p>\n<p>Editions Picquier Jeunesse<\/p>\n<p>2008 -32p. -247g -10\u20ac<\/p>\n<p>ISBN: 978-2-8097-0052-7<\/p>\n<p>Cote doc: 11-GUI-A<\/p>\n<p>&nbsp;<\/p>\n<span class=\"et_bloom_bottom_trigger\"><\/span>","protected":false},"excerpt":{"rendered":"<p>Akiko n\u2019a pas peur du noir et elle aime bien se promener la nuit au bord du lac.<\/p>\n","protected":false},"featured_media":2137,"comment_status":"closed","ping_status":"closed","template":"","meta":{"_et_pb_use_builder":"","_et_pb_old_content":"","_et_gb_content_width":"","spay_email":""},"class_list":["post-2136","product","type-product","status-publish","has-post-thumbnail","hentry","product_cat-livres","product_cat-livres-jeunesse","product_tag-difference","product_tag-jeunesse","product_tag-tolerance"],"jetpack_sharing_enabled":true,"jetpack_likes_enabled":true,"_links":{"self":[{"href":"https:\/\/www.parthages.be\/eboutique\/wp-json\/wp\/v2\/product\/2136","targetHints":{"allow":["GET"]}}],"collection":[{"href":"https:\/\/www.parthages.be\/eboutique\/wp-json\/wp\/v2\/product"}],"about":[{"href":"https:\/\/www.parthages.be\/eboutique\/wp-json\/wp\/v2\/types\/product"}],"replies":[{"embeddable":true,"href":"https:\/\/www.parthages.be\/eboutique\/wp-json\/wp\/v2\/comments?post=2136"}],"wp:featuredmedia":[{"embeddable":true,"href":"https:\/\/www.parthages.be\/eboutique\/wp-json\/wp\/v2\/media\/2137"}],"wp:attachment":[{"href":"https:\/\/www.parthages.be\/eboutique\/wp-json\/wp\/v2\/media?parent=2136"}],"curies":[{"name":"wp","href":"https:\/\/api.w.org\/{rel}","templated":true}]}}