{"id":2140,"date":"2021-10-22T09:18:12","date_gmt":"2021-10-22T07:18:12","guid":{"rendered":"https:\/\/www.parthages.be\/eboutique\/?post_type=product&#038;p=2140"},"modified":"2022-02-18T10:30:32","modified_gmt":"2022-02-18T09:30:32","slug":"blou-adore-les-bisous","status":"publish","type":"product","link":"https:\/\/www.parthages.be\/eboutique\/produit\/blou-adore-les-bisous\/","title":{"rendered":"Blou adore les bisous"},"content":{"rendered":"<p>Les Lalabulles, des h\u00e9ros hauts en couleur, pour mettre en lumi\u00e8re et adoucir les \u00e9motions des plus petits !<\/p>\n<p>\u00c0 Bloubville, chaque enfant a son caract\u00e8re. Il y a Blou, la petite pieuvre d\u00e9bordante d\u2019affection qui n\u2019a qu\u2019une envie : faire des bisous \u00e0 ses amis. Mais, comme souvent dans la vraie vie, les autres enfants ne sont pas tous du m\u00eame avis. Il y a ceux \u00e0 qui \u00e7a fait peur, ceux qui veulent jouer tous seuls\u2026 Autant de situations o\u00f9 les plus petits ont parfois du mal \u00e0 se comprendre. Gr\u00e2ce \u00e0 ces petits h\u00e9ros embl\u00e9matiques, les enfants sauront identifier et comprendre leurs \u00e9motions. (Pr\u00e9sentation de l&rsquo;\u00e9diteur).<\/p>\n<p>DUPONT-BELRHALI K. &amp; BRUNELLI\u00c8RE L.<\/p>\n<p>Collection: Lalabulles<\/p>\n<p>Editions MILAN<\/p>\n<p>2016 -32p. -280g -7,50\u20ac<\/p>\n<p>ISBN: 978-2-7459-6120-4<\/p>\n<p>Cote doc: 11-DUP-B<\/p>\n<span class=\"et_bloom_bottom_trigger\"><\/span>","protected":false},"excerpt":{"rendered":"<p>Les Lalabulles, des h\u00e9ros hauts en couleur, pour mettre en lumi\u00e8re et adoucir les \u00e9motions des plus petits !<\/p>\n","protected":false},"featured_media":2141,"comment_status":"closed","ping_status":"closed","template":"","meta":{"_et_pb_use_builder":"","_et_pb_old_content":"","_et_gb_content_width":"","spay_email":""},"class_list":["post-2140","product","type-product","status-publish","has-post-thumbnail","hentry","product_cat-livres","product_cat-livres-jeunesse","product_tag-difference","product_tag-jeunesse","product_tag-tolerance"],"jetpack_sharing_enabled":true,"jetpack_likes_enabled":true,"_links":{"self":[{"href":"https:\/\/www.parthages.be\/eboutique\/wp-json\/wp\/v2\/product\/2140","targetHints":{"allow":["GET"]}}],"collection":[{"href":"https:\/\/www.parthages.be\/eboutique\/wp-json\/wp\/v2\/product"}],"about":[{"href":"https:\/\/www.parthages.be\/eboutique\/wp-json\/wp\/v2\/types\/product"}],"replies":[{"embeddable":true,"href":"https:\/\/www.parthages.be\/eboutique\/wp-json\/wp\/v2\/comments?post=2140"}],"wp:featuredmedia":[{"embeddable":true,"href":"https:\/\/www.parthages.be\/eboutique\/wp-json\/wp\/v2\/media\/2141"}],"wp:attachment":[{"href":"https:\/\/www.parthages.be\/eboutique\/wp-json\/wp\/v2\/media?parent=2140"}],"curies":[{"name":"wp","href":"https:\/\/api.w.org\/{rel}","templated":true}]}}