{"id":2142,"date":"2021-10-22T09:19:55","date_gmt":"2021-10-22T07:19:55","guid":{"rendered":"https:\/\/www.parthages.be\/eboutique\/?post_type=product&#038;p=2142"},"modified":"2022-02-18T10:29:03","modified_gmt":"2022-02-18T09:29:03","slug":"louis-braille-lenfant-de-la-nuit","status":"publish","type":"product","link":"https:\/\/www.parthages.be\/eboutique\/produit\/louis-braille-lenfant-de-la-nuit\/","title":{"rendered":"Louis Braille, l&rsquo;enfant de la nuit"},"content":{"rendered":"<p>Louis Braille est devenu aveugle \u00e0 l&rsquo;\u00e2ge de trois ans \u00e0 la suite d&rsquo;un accident. Cela ne l&#8217;emp\u00eache pas de vivre presque comme les autres enfants. Mais \u00e0 l&rsquo;\u00e9cole, les difficult\u00e9s commencent, car il veut apprendre \u00e0 lire. Le jeune gar\u00e7on se fait alors une promesse incroyable : il trouvera le moyen de d\u00e9chiffrer ce que ses yeux ne peuvent voir. (Pr\u00e9sentation de l&rsquo;\u00e9diteur).<\/p>\n<p>DAVIDSON M. &amp; DAHAN A.<\/p>\n<p>Collection: Folio cadet<\/p>\n<p>Editions GALLIMARD<\/p>\n<p>2018 -112p. -200g -8,90\u20ac<\/p>\n<p>ISBN: 978-2-0750-9712-3<\/p>\n<p>Cote doc: 11-DAV-L<\/p>\n<span class=\"et_bloom_bottom_trigger\"><\/span>","protected":false},"excerpt":{"rendered":"<p>Louis Braille est devenu aveugle \u00e0 l&rsquo;\u00e2ge de trois ans \u00e0 la suite d&rsquo;un accident<\/p>\n","protected":false},"featured_media":2143,"comment_status":"closed","ping_status":"closed","template":"","meta":{"_et_pb_use_builder":"","_et_pb_old_content":"","_et_gb_content_width":"","spay_email":""},"class_list":["post-2142","product","type-product","status-publish","has-post-thumbnail","hentry","product_cat-livres","product_cat-livres-jeunesse","product_tag-bibliographie","product_tag-cecite","product_tag-difference","product_tag-ecriture","product_tag-handicap","product_tag-lecture","product_tag-tolerance"],"jetpack_sharing_enabled":true,"jetpack_likes_enabled":true,"_links":{"self":[{"href":"https:\/\/www.parthages.be\/eboutique\/wp-json\/wp\/v2\/product\/2142","targetHints":{"allow":["GET"]}}],"collection":[{"href":"https:\/\/www.parthages.be\/eboutique\/wp-json\/wp\/v2\/product"}],"about":[{"href":"https:\/\/www.parthages.be\/eboutique\/wp-json\/wp\/v2\/types\/product"}],"replies":[{"embeddable":true,"href":"https:\/\/www.parthages.be\/eboutique\/wp-json\/wp\/v2\/comments?post=2142"}],"wp:featuredmedia":[{"embeddable":true,"href":"https:\/\/www.parthages.be\/eboutique\/wp-json\/wp\/v2\/media\/2143"}],"wp:attachment":[{"href":"https:\/\/www.parthages.be\/eboutique\/wp-json\/wp\/v2\/media?parent=2142"}],"curies":[{"name":"wp","href":"https:\/\/api.w.org\/{rel}","templated":true}]}}