{"id":2144,"date":"2021-10-22T09:21:08","date_gmt":"2021-10-22T07:21:08","guid":{"rendered":"https:\/\/www.parthages.be\/eboutique\/?post_type=product&#038;p=2144"},"modified":"2022-03-25T10:46:52","modified_gmt":"2022-03-25T09:46:52","slug":"un-papa-qui-a-des-ailes","status":"publish","type":"product","link":"https:\/\/www.parthages.be\/eboutique\/produit\/un-papa-qui-a-des-ailes\/","title":{"rendered":"Un papa qui a des ailes"},"content":{"rendered":"<p>Le papa de Tom a un secret. Et une cabane dans un arbre. On dirait un papa qui fait le fou, mais ce n&rsquo;est pas tout \u00e0 fait vrai. Car dans la t\u00eate du papa de Tom il y a quelque chose de sauvage, d&rsquo;incompr\u00e9hensible, quelque chose qui bat des ailes. Tom ne comprend pas toujours. C&rsquo;est difficile \u00e0 vivre, un papa comme \u00e7a ! (Pr\u00e9sentation de l&rsquo;\u00e9diteur).<\/p>\n<p>BOONEN S. &amp; BOSSCHAERT G.<\/p>\n<p>Editions Clavis &#8211; Similes<\/p>\n<p>2004 -36p.<\/p>\n<p>Cote doc: 11-BOO-P<\/p>\n<p><strong><em>Uniquement \u00e0 la location<\/em><\/strong><\/p>\n<p><strong><u>\u00a0<\/u><\/strong><\/p>\n<span class=\"et_bloom_bottom_trigger\"><\/span>","protected":false},"excerpt":{"rendered":"<p>Le papa de Tom a un secret. Et une cabane dans un arbre. On dirait un papa qui fait le fou, mais ce n&rsquo;est pas tout \u00e0 fait vrai.<\/p>\n","protected":false},"featured_media":2145,"comment_status":"closed","ping_status":"closed","template":"","meta":{"_et_pb_use_builder":"","_et_pb_old_content":"","_et_gb_content_width":"","spay_email":""},"class_list":["post-2144","product","type-product","status-publish","has-post-thumbnail","hentry","product_cat-livres","product_cat-livres-jeunesse","product_tag-difference","product_tag-handicap-mental","product_tag-parent","product_tag-psychiatrie","product_tag-tolerance"],"jetpack_sharing_enabled":true,"jetpack_likes_enabled":true,"_links":{"self":[{"href":"https:\/\/www.parthages.be\/eboutique\/wp-json\/wp\/v2\/product\/2144","targetHints":{"allow":["GET"]}}],"collection":[{"href":"https:\/\/www.parthages.be\/eboutique\/wp-json\/wp\/v2\/product"}],"about":[{"href":"https:\/\/www.parthages.be\/eboutique\/wp-json\/wp\/v2\/types\/product"}],"replies":[{"embeddable":true,"href":"https:\/\/www.parthages.be\/eboutique\/wp-json\/wp\/v2\/comments?post=2144"}],"wp:featuredmedia":[{"embeddable":true,"href":"https:\/\/www.parthages.be\/eboutique\/wp-json\/wp\/v2\/media\/2145"}],"wp:attachment":[{"href":"https:\/\/www.parthages.be\/eboutique\/wp-json\/wp\/v2\/media?parent=2144"}],"curies":[{"name":"wp","href":"https:\/\/api.w.org\/{rel}","templated":true}]}}