{"id":2148,"date":"2021-10-22T09:23:02","date_gmt":"2021-10-22T07:23:02","guid":{"rendered":"https:\/\/www.parthages.be\/eboutique\/?post_type=product&#038;p=2148"},"modified":"2022-03-23T17:48:37","modified_gmt":"2022-03-23T16:48:37","slug":"krol-le-fou-qui-ne-savait-plus-voler","status":"publish","type":"product","link":"https:\/\/www.parthages.be\/eboutique\/produit\/krol-le-fou-qui-ne-savait-plus-voler\/","title":{"rendered":"Krol, le fou qui ne savait plus voler"},"content":{"rendered":"<p>Krol, le fou de Bassan, n&rsquo;a pas r\u00e9ussi \u00e0 attraper son 988e hareng. Au moment de plonger, son aile gauche l&rsquo;a l\u00e2ch\u00e9. Ne plus voler, c&rsquo;est ce qui peut arriver de pire \u00e0 un fou. \u00c0 part se faire manger, bien s\u00fbr. Alors qu&rsquo;il a \u00e9chou\u00e9 sur le rivage, une petite fille aux bottes jaunes approche en sautillant. Elle a quelque chose qui rappelle les pirates.<\/p>\n<p>Et Krol se souvient des r\u00e9cits de son grand-p\u00e8re: \u00ab Les pirates mangeaient parfois les fous : un coup de sabre et \u00e0 la broche!\u00bb<\/p>\n<p>Oona et son grand-p\u00e8re emm\u00e8nent Krol bless\u00e9 chez eux, dans leur maison loin de tout. Un pi\u00e8ge ou une chance? (Pr\u00e9sentation de l&rsquo;\u00e9diteur).<\/p>\n<p><strong><u>\u00a0<\/u><\/strong><\/p>\n<p>BAFFERT S.<\/p>\n<p>Editions ECOLE DES LOISIRS<\/p>\n<p>2017 -72p. -100g -8\u20ac<\/p>\n<p>ISBN: 978-2-2112-3118-3<\/p>\n<p>Cote doc: 11-BAF-K<\/p>\n<p>&nbsp;<\/p>\n<span class=\"et_bloom_bottom_trigger\"><\/span>","protected":false},"excerpt":{"rendered":"<p>Krol, le fou de Bassan, n&rsquo;a pas r\u00e9ussi \u00e0 attraper son 988e hareng. Au moment de plonger, son aile gauche l&rsquo;a l\u00e2ch\u00e9.<\/p>\n","protected":false},"featured_media":2149,"comment_status":"closed","ping_status":"closed","template":"","meta":{"_et_pb_use_builder":"","_et_pb_old_content":"","_et_gb_content_width":"","spay_email":""},"class_list":["post-2148","product","type-product","status-publish","has-post-thumbnail","hentry","product_cat-livres","product_cat-livres-jeunesse","product_tag-amitie","product_tag-difference","product_tag-handicap","product_tag-tolerance"],"jetpack_sharing_enabled":true,"jetpack_likes_enabled":true,"_links":{"self":[{"href":"https:\/\/www.parthages.be\/eboutique\/wp-json\/wp\/v2\/product\/2148","targetHints":{"allow":["GET"]}}],"collection":[{"href":"https:\/\/www.parthages.be\/eboutique\/wp-json\/wp\/v2\/product"}],"about":[{"href":"https:\/\/www.parthages.be\/eboutique\/wp-json\/wp\/v2\/types\/product"}],"replies":[{"embeddable":true,"href":"https:\/\/www.parthages.be\/eboutique\/wp-json\/wp\/v2\/comments?post=2148"}],"wp:featuredmedia":[{"embeddable":true,"href":"https:\/\/www.parthages.be\/eboutique\/wp-json\/wp\/v2\/media\/2149"}],"wp:attachment":[{"href":"https:\/\/www.parthages.be\/eboutique\/wp-json\/wp\/v2\/media?parent=2148"}],"curies":[{"name":"wp","href":"https:\/\/api.w.org\/{rel}","templated":true}]}}