{"id":2151,"date":"2021-11-15T15:23:01","date_gmt":"2021-11-15T14:23:01","guid":{"rendered":"https:\/\/www.parthages.be\/eboutique\/?post_type=product&#038;p=2151"},"modified":"2022-02-18T10:29:02","modified_gmt":"2022-02-18T09:29:02","slug":"activites-denseignement-pour-enfants-autistes","status":"publish","type":"product","link":"https:\/\/www.parthages.be\/eboutique\/produit\/activites-denseignement-pour-enfants-autistes\/","title":{"rendered":"Activit\u00e9s d&rsquo;enseignement pour enfants autistes"},"content":{"rendered":"<p>Les proc\u00e9d\u00e9s d&rsquo;\u00e9valuation et de d\u00e9veloppement des programmes d&rsquo;enseignement destin\u00e9s aux enfants autistes, constituant la m\u00e9thode TEACCH (Treatment and Education of Autistic and Communication handicapped Children), sont universellement reconnus. Cet ouvrage propose un de ces programmes d&rsquo;enseignement individualis\u00e9, model\u00e9 en fonction du milieu \u00e9ducatif, familial ou scolaire. Les domaines fonctionnels retenus, objectifs d&rsquo;enseignement, sont au nombre de dix (imitation, perception, motricit\u00e9 g\u00e9n\u00e9rale et fine, coordination oeil-main, performance cognitive, comp\u00e9tence verbale, autonomie, sociabilit\u00e9, comportement) et pr\u00e9sentent 296 activit\u00e9s ordonn\u00e9es selon leur niveau de d\u00e9veloppement et les degr\u00e9s de difficult\u00e9s. Des tables-index donnent pour chaque niveau de d\u00e9veloppement des activit\u00e9s propres aux diff\u00e9rents domaines fonctionnels. Con\u00e7ue par des \u00e9ducateurs et des parents, chaque activit\u00e9 constitue un exercice, mais aussi un support pouvant \u00eatre modifi\u00e9 selon le comportement de l&rsquo;enfant. Cet ouvrage met ainsi \u00e0 la disposition des \u00e9ducateurs, des parents d&rsquo;enfants autistes, des psychologues, l&rsquo;exp\u00e9rience d&rsquo;un enseignement de nombreuses ann\u00e9es. (Pr\u00e9sentation de l\u2019\u00e9diteur)<\/p>\n<p>SCHOPLER E. &#8211; LANSING M. &#8211; WATERS L.<\/p>\n<p>Masson<\/p>\n<p>2000- 272p.<\/p>\n<p>ISBN\u00a0: \u200e978-2294004957<\/p>\n<p>Cote doc\u00a0: 4-50-SCH-A<\/p>\n<p>&nbsp;<\/p>\n<p><strong><em>Uniquement \u00e0 la location<\/em><\/strong><\/p>\n<span class=\"et_bloom_bottom_trigger\"><\/span>","protected":false},"excerpt":{"rendered":"<p>Les proc\u00e9d\u00e9s d&rsquo;\u00e9valuation et de d\u00e9veloppement des programmes d&rsquo;enseignement destin\u00e9s aux enfants autistes&#8230;<\/p>\n","protected":false},"featured_media":2152,"comment_status":"closed","ping_status":"closed","template":"","meta":{"_et_pb_use_builder":"","_et_pb_old_content":"","_et_gb_content_width":"","spay_email":""},"class_list":["post-2151","product","type-product","status-publish","has-post-thumbnail","hentry","product_cat-livres","product_cat-livres-jeunesse","product_tag-autisme","product_tag-enfant","product_tag-enseignement","product_tag-enseignement-specialise","product_tag-methode-pedagogique","product_tag-methode-teacch","product_tag-personne-handicapee","product_tag-programme","product_tag-usa"],"jetpack_sharing_enabled":true,"jetpack_likes_enabled":true,"_links":{"self":[{"href":"https:\/\/www.parthages.be\/eboutique\/wp-json\/wp\/v2\/product\/2151","targetHints":{"allow":["GET"]}}],"collection":[{"href":"https:\/\/www.parthages.be\/eboutique\/wp-json\/wp\/v2\/product"}],"about":[{"href":"https:\/\/www.parthages.be\/eboutique\/wp-json\/wp\/v2\/types\/product"}],"replies":[{"embeddable":true,"href":"https:\/\/www.parthages.be\/eboutique\/wp-json\/wp\/v2\/comments?post=2151"}],"wp:featuredmedia":[{"embeddable":true,"href":"https:\/\/www.parthages.be\/eboutique\/wp-json\/wp\/v2\/media\/2152"}],"wp:attachment":[{"href":"https:\/\/www.parthages.be\/eboutique\/wp-json\/wp\/v2\/media?parent=2151"}],"curies":[{"name":"wp","href":"https:\/\/api.w.org\/{rel}","templated":true}]}}