{"id":2157,"date":"2021-11-15T15:26:11","date_gmt":"2021-11-15T14:26:11","guid":{"rendered":"https:\/\/www.parthages.be\/eboutique\/?post_type=product&#038;p=2157"},"modified":"2021-11-15T15:26:12","modified_gmt":"2021-11-15T14:26:12","slug":"mes-neurones-et-moi","status":"publish","type":"product","link":"https:\/\/www.parthages.be\/eboutique\/produit\/mes-neurones-et-moi\/","title":{"rendered":"Mes neurones et moi"},"content":{"rendered":"<p><strong><em>Brochure<\/em><\/strong><\/p>\n<p>Qu&rsquo;est-ce que la d\u00e9pression? Ou l&rsquo;hyperkin\u00e9sie ? Comment peut-on les soigner aujourd&rsquo;hui? Comment les soignera-t-on demain? Est-il possible de renforcer notre m\u00e9moire ou d&rsquo;am\u00e9liorer notre intelligence? De modifier nos \u00e9motions ? La maladie d&rsquo;Alzeimer, la schizophr\u00e9nie vont-elles livrer leurs secrets? &#8230; Les r\u00e9centes \u00e9volutions scientifiques apportent une s\u00e9rie d&rsquo;espoirs, mais soul\u00e8vent aussi des questions et des inqui\u00e9tudes. Cette brochure a pour objectif de transmettre des pistes d&rsquo;information et de r\u00e9flexion \u00e0 tous ceux qui veulent en savoir plus&#8230; (Pr\u00e9sentation de l&rsquo;\u00e9diteur)<\/p>\n<p>RONDIA K. &#8211; RAEYMAEKERS P.<\/p>\n<p>FONDATION ROI BAUDOUIN<\/p>\n<p>2004-82p.<\/p>\n<p>ISBN: 2-87212-447-0<\/p>\n<p>Cote doc: 4-50-RON-M<\/p>\n<p><strong><em>Uniquement \u00e0 la location<\/em><\/strong><\/p>\n<span class=\"et_bloom_bottom_trigger\"><\/span>","protected":false},"excerpt":{"rendered":"<p>Qu&rsquo;est-ce que la d\u00e9pression? Ou l&rsquo;hyperkin\u00e9sie ? Comment peut-on les soigner aujourd&rsquo;hui? Comment les soignera-t-on demain?<\/p>\n","protected":false},"featured_media":2158,"comment_status":"closed","ping_status":"closed","template":"","meta":{"_et_pb_use_builder":"","_et_pb_old_content":"","_et_gb_content_width":"","spay_email":""},"class_list":["post-2157","product","type-product","status-publish","has-post-thumbnail","hentry","product_cat-livres","product_tag-alzheimer","product_tag-cerveau","product_tag-coma","product_tag-depression","product_tag-hyperkinesie","product_tag-neurologie","product_tag-neuropsychiatrie","product_tag-neuroscience","product_tag-parkinson","product_tag-psychopathologie","product_tag-schizophrenie","product_tag-technologie"],"jetpack_sharing_enabled":true,"jetpack_likes_enabled":true,"_links":{"self":[{"href":"https:\/\/www.parthages.be\/eboutique\/wp-json\/wp\/v2\/product\/2157","targetHints":{"allow":["GET"]}}],"collection":[{"href":"https:\/\/www.parthages.be\/eboutique\/wp-json\/wp\/v2\/product"}],"about":[{"href":"https:\/\/www.parthages.be\/eboutique\/wp-json\/wp\/v2\/types\/product"}],"replies":[{"embeddable":true,"href":"https:\/\/www.parthages.be\/eboutique\/wp-json\/wp\/v2\/comments?post=2157"}],"wp:featuredmedia":[{"embeddable":true,"href":"https:\/\/www.parthages.be\/eboutique\/wp-json\/wp\/v2\/media\/2158"}],"wp:attachment":[{"href":"https:\/\/www.parthages.be\/eboutique\/wp-json\/wp\/v2\/media?parent=2157"}],"curies":[{"name":"wp","href":"https:\/\/api.w.org\/{rel}","templated":true}]}}