{"id":2168,"date":"2021-11-16T08:04:52","date_gmt":"2021-11-16T07:04:52","guid":{"rendered":"https:\/\/www.parthages.be\/eboutique\/?post_type=product&#038;p=2168"},"modified":"2021-11-16T08:04:53","modified_gmt":"2021-11-16T07:04:53","slug":"textes-de-pedagogie-pour-lecole-daujourdhui-volume-2-les-grandes-didactiques-et-la-renovation-pedagogique","status":"publish","type":"product","link":"https:\/\/www.parthages.be\/eboutique\/produit\/textes-de-pedagogie-pour-lecole-daujourdhui-volume-2-les-grandes-didactiques-et-la-renovation-pedagogique\/","title":{"rendered":"Textes de p\u00e9dagogie pour l&rsquo;\u00e9cole d&rsquo;aujourd&rsquo;hui : volume 2 : les grandes didactiques et la r\u00e9novation p\u00e9dagogique"},"content":{"rendered":"<p><strong><em>Brochure<\/em><\/strong><\/p>\n<p>Sont trait\u00e9s dans ce livre les grandes didactiques et la r\u00e9novation p\u00e9dagogique : la querelle de la math\u00e9matique moderne, la guerre du fran\u00e7ais, les activit\u00e9s d&rsquo;\u00e9veil, la p\u00e9dagogie curative (l&rsquo;inadaptation, les objectifs p\u00e9dagogiques des classes de perfectionnement, les principes pour une r\u00e9\u00e9ducation), les aides p\u00e9dagogiques, la programmation skin\u00e9rienne et enseignement des math\u00e9matiques, les aides audiovisuelles et un dossier sur l&rsquo;\u00e9cole, la p\u00e9dagogie et l&rsquo;\u00e9ducation \u00e0 l&rsquo;horizon de l&rsquo;an 2000. (Pr\u00e9sentation de l\u2019\u00e9diteur)<\/p>\n<p>JUIF P. &#8211; LEGRAND L.<\/p>\n<p>Fernand Nathan<\/p>\n<p>1974- 133p.<\/p>\n<p>Cote doc: 4-50-LEG-T<\/p>\n<p><strong><em>Uniquement \u00e0 la location<\/em><\/strong><\/p>\n<span class=\"et_bloom_bottom_trigger\"><\/span>","protected":false},"excerpt":{"rendered":"<p>Sont trait\u00e9s dans ce livre les grandes didactiques et la r\u00e9novation p\u00e9dagogique : la querelle de la math\u00e9matique moderne&#8230;<\/p>\n","protected":false},"featured_media":2169,"comment_status":"closed","ping_status":"closed","template":"","meta":{"_et_pb_use_builder":"","_et_pb_old_content":"","_et_gb_content_width":"","spay_email":""},"class_list":["post-2168","product","type-product","status-publish","has-post-thumbnail","hentry","product_cat-livres","product_tag-activite","product_tag-aide","product_tag-audiovisuel","product_tag-concept","product_tag-difficulte-scolaire","product_tag-ecole","product_tag-education","product_tag-enseignement","product_tag-expression","product_tag-france","product_tag-langue","product_tag-methode-pedagogique","product_tag-milieu-scolaire","product_tag-pedagogie","product_tag-personne-handicapee","product_tag-readaptation"],"jetpack_sharing_enabled":true,"jetpack_likes_enabled":true,"_links":{"self":[{"href":"https:\/\/www.parthages.be\/eboutique\/wp-json\/wp\/v2\/product\/2168","targetHints":{"allow":["GET"]}}],"collection":[{"href":"https:\/\/www.parthages.be\/eboutique\/wp-json\/wp\/v2\/product"}],"about":[{"href":"https:\/\/www.parthages.be\/eboutique\/wp-json\/wp\/v2\/types\/product"}],"replies":[{"embeddable":true,"href":"https:\/\/www.parthages.be\/eboutique\/wp-json\/wp\/v2\/comments?post=2168"}],"wp:featuredmedia":[{"embeddable":true,"href":"https:\/\/www.parthages.be\/eboutique\/wp-json\/wp\/v2\/media\/2169"}],"wp:attachment":[{"href":"https:\/\/www.parthages.be\/eboutique\/wp-json\/wp\/v2\/media?parent=2168"}],"curies":[{"name":"wp","href":"https:\/\/api.w.org\/{rel}","templated":true}]}}