{"id":2170,"date":"2021-11-16T08:05:39","date_gmt":"2021-11-16T07:05:39","guid":{"rendered":"https:\/\/www.parthages.be\/eboutique\/?post_type=product&#038;p=2170"},"modified":"2021-11-16T08:05:40","modified_gmt":"2021-11-16T07:05:40","slug":"la-direction-des-memoires-et-des-theses","status":"publish","type":"product","link":"https:\/\/www.parthages.be\/eboutique\/produit\/la-direction-des-memoires-et-des-theses\/","title":{"rendered":"La direction des m\u00e9moires et des th\u00e8ses"},"content":{"rendered":"<p>Ce livre s&rsquo;adresse aux directeurs de m\u00e9moire et de th\u00e8se. La supervision d&rsquo;un m\u00e9moire est en effet une t\u00e2che subtile et complexe pour laquelle existe peu de supports et d&rsquo;aide ad\u00e9quats..<\/p>\n<p>LEDUC A.<\/p>\n<p>Eska Behavior Inc.<\/p>\n<p>1990 -95p.<\/p>\n<p>ISBN: 2-7629-0019-0<\/p>\n<p>Cote doc: 4-50-LED-D<\/p>\n<p><strong><em>Uniquement \u00e0 la location<\/em><\/strong><\/p>\n<span class=\"et_bloom_bottom_trigger\"><\/span>","protected":false},"excerpt":{"rendered":"<p>Ce livre s&rsquo;adresse aux directeurs de m\u00e9moire et de th\u00e8se.<\/p>\n","protected":false},"featured_media":2171,"comment_status":"closed","ping_status":"closed","template":"","meta":{"_et_pb_use_builder":"","_et_pb_old_content":"","_et_gb_content_width":"","spay_email":""},"class_list":["post-2170","product","type-product","status-publish","has-post-thumbnail","hentry","product_cat-livres","product_tag-memoire","product_tag-outil"],"jetpack_sharing_enabled":true,"jetpack_likes_enabled":true,"_links":{"self":[{"href":"https:\/\/www.parthages.be\/eboutique\/wp-json\/wp\/v2\/product\/2170","targetHints":{"allow":["GET"]}}],"collection":[{"href":"https:\/\/www.parthages.be\/eboutique\/wp-json\/wp\/v2\/product"}],"about":[{"href":"https:\/\/www.parthages.be\/eboutique\/wp-json\/wp\/v2\/types\/product"}],"replies":[{"embeddable":true,"href":"https:\/\/www.parthages.be\/eboutique\/wp-json\/wp\/v2\/comments?post=2170"}],"wp:featuredmedia":[{"embeddable":true,"href":"https:\/\/www.parthages.be\/eboutique\/wp-json\/wp\/v2\/media\/2171"}],"wp:attachment":[{"href":"https:\/\/www.parthages.be\/eboutique\/wp-json\/wp\/v2\/media?parent=2170"}],"curies":[{"name":"wp","href":"https:\/\/api.w.org\/{rel}","templated":true}]}}