{"id":2176,"date":"2021-11-16T08:23:22","date_gmt":"2021-11-16T07:23:22","guid":{"rendered":"https:\/\/www.parthages.be\/eboutique\/?post_type=product&#038;p=2176"},"modified":"2021-11-16T08:23:22","modified_gmt":"2021-11-16T07:23:22","slug":"processus-clinique-en-education-specialisee","status":"publish","type":"product","link":"https:\/\/www.parthages.be\/eboutique\/produit\/processus-clinique-en-education-specialisee\/","title":{"rendered":"Processus clinique en \u00e9ducation sp\u00e9cialis\u00e9e"},"content":{"rendered":"<p>Ce manuel s&rsquo;adresse \u00e0 tout \u00e9tudiant ou \u00e0 tout intervenant social, qu&rsquo;il soit \u00e9ducateur sp\u00e9cialis\u00e9, travailleur social, animateur communautaire ou travailleur de rue.<\/p>\n<p>L&rsquo;auteur pr\u00e9sente le processus clinique, \u00e9tape par \u00e9tape : avant, pendant et apr\u00e8s l&rsquo;intervention. Il pr\u00e9sente les taxinomies n\u00e9cessaires \u00e0 la d\u00e9finition des pathologies qui sont pr\u00e9sentes chez les personnes en difficult\u00e9.<\/p>\n<p>Chaque chapitre du livre d\u00e9crit une \u00e9tape ou une partie d&rsquo;une \u00e9tape de l&rsquo;intervention. Cette progression dans la pr\u00e9sentation des contenus permet au lecteur de comprendre les liens et les encha\u00eenements du processus clinique.<\/p>\n<p>Dans un style clair et pragmatique, l&rsquo;auteur pr\u00e9sente la planification, l&rsquo;observation, la r\u00e9daction des objectifs, les techniques. Il ajoute, \u00e0 son propos, les formulaires et les grilles qui facilitent la r\u00e9alisation, et l&rsquo;\u00e9valuation du processus. Un r\u00e9sum\u00e9 de la mati\u00e8re, des exercices et une bibliographie compl\u00e8tent chacun des chapitres. (Pr\u00e9sentation de l&rsquo;\u00e9diteur)<\/p>\n<p>LANDRY M.<\/p>\n<p>Chronique sociale<\/p>\n<p>1996-356p-22.30\u20ac<\/p>\n<p>673gr<\/p>\n<p>ISBN\u00a0: 2-85008-608-8<\/p>\n<p>Cote doc\u00a0: 4-50-LAN-P2<\/p>\n<span class=\"et_bloom_bottom_trigger\"><\/span>","protected":false},"excerpt":{"rendered":"<p>Ce manuel s&rsquo;adresse \u00e0 tout \u00e9tudiant ou \u00e0 tout intervenant social, qu&rsquo;il soit \u00e9ducateur sp\u00e9cialis\u00e9, travailleur social, animateur communautaire ou travailleur de rue.<\/p>\n","protected":false},"featured_media":2177,"comment_status":"closed","ping_status":"closed","template":"","meta":{"_et_pb_use_builder":"","_et_pb_old_content":"","_et_gb_content_width":"","spay_email":""},"class_list":["post-2176","product","type-product","status-publish","has-post-thumbnail","hentry","product_cat-livres","product_tag-definition","product_tag-education-specialisee","product_tag-intervention","product_tag-observation","product_tag-outil-devaluation","product_tag-personne-en-difficulte","product_tag-personne-handicapee","product_tag-plan-dintervention","product_tag-processus","product_tag-psychologie","product_tag-quebec","product_tag-recherche-clinique","product_tag-strategie-dintervention","product_tag-technique-dentretien"],"jetpack_sharing_enabled":true,"jetpack_likes_enabled":true,"_links":{"self":[{"href":"https:\/\/www.parthages.be\/eboutique\/wp-json\/wp\/v2\/product\/2176","targetHints":{"allow":["GET"]}}],"collection":[{"href":"https:\/\/www.parthages.be\/eboutique\/wp-json\/wp\/v2\/product"}],"about":[{"href":"https:\/\/www.parthages.be\/eboutique\/wp-json\/wp\/v2\/types\/product"}],"replies":[{"embeddable":true,"href":"https:\/\/www.parthages.be\/eboutique\/wp-json\/wp\/v2\/comments?post=2176"}],"wp:featuredmedia":[{"embeddable":true,"href":"https:\/\/www.parthages.be\/eboutique\/wp-json\/wp\/v2\/media\/2177"}],"wp:attachment":[{"href":"https:\/\/www.parthages.be\/eboutique\/wp-json\/wp\/v2\/media?parent=2176"}],"curies":[{"name":"wp","href":"https:\/\/api.w.org\/{rel}","templated":true}]}}