{"id":2180,"date":"2021-11-16T08:25:02","date_gmt":"2021-11-16T07:25:02","guid":{"rendered":"https:\/\/www.parthages.be\/eboutique\/?post_type=product&#038;p=2180"},"modified":"2022-03-23T17:21:40","modified_gmt":"2022-03-23T16:21:40","slug":"lintervention-precoce-en-education-specialisee-bilan-et-perspectives","status":"publish","type":"product","link":"https:\/\/www.parthages.be\/eboutique\/produit\/lintervention-precoce-en-education-specialisee-bilan-et-perspectives\/","title":{"rendered":"L&rsquo;intervention pr\u00e9coce en \u00e9ducation sp\u00e9cialis\u00e9e : bilan et perspectives"},"content":{"rendered":"<p>L\u2019intervention pr\u00e9coce pour les enfants d\u00e9ficients a \u00e9t\u00e9 introduite il y a trente ans dans les pays occidentaux. Centr\u00e9 tout d\u2019abord sur l\u2019enfant, ce mouvement a int\u00e9gr\u00e9 progressivement l\u2019analyse et la modification des interactions entre les parents et les enfants. Plus r\u00e9cemment, la famille et son \u00e9cologie sont devenues les priorit\u00e9s de l\u2019action.<\/p>\n<p>Ce livre dresse un bilan des d\u00e9marches \u00e0 chaque \u00e9tape de l\u2019\u00e9volution du domaine autour d\u2019une question centrale, celle de l\u2019efficacit\u00e9 de l\u2019\u00e9ducation (Pr\u00e9sentation de l\u2019\u00e9diteur)<\/p>\n<p>LANNERS R.- LAMBERT J.L.<\/p>\n<p>Edition SZH\/SPC<\/p>\n<p>2002-150p.<\/p>\n<p>ISBN\u00a0: 3-908262-21-6<\/p>\n<p>Cote doc\u00a0: 4-50-LAN-I<\/p>\n<p><strong><em>Uniquement \u00e0 la location<\/em><\/strong><\/p>\n<span class=\"et_bloom_bottom_trigger\"><\/span>","protected":false},"excerpt":{"rendered":"<p>L\u2019intervention pr\u00e9coce pour les enfants d\u00e9ficients a \u00e9t\u00e9 introduite il y a trente ans dans les pays occidentaux.<\/p>\n","protected":false},"featured_media":2181,"comment_status":"closed","ping_status":"closed","template":"","meta":{"_et_pb_use_builder":"","_et_pb_old_content":"","_et_gb_content_width":"","spay_email":""},"class_list":["post-2180","product","type-product","status-publish","has-post-thumbnail","hentry","product_cat-livres","product_tag-aide-precoce","product_tag-education","product_tag-enfant","product_tag-enseignement-specialise","product_tag-famille","product_tag-personne-handicapee","product_tag-strategie","product_tag-strategie-dintervention"],"jetpack_sharing_enabled":true,"jetpack_likes_enabled":true,"_links":{"self":[{"href":"https:\/\/www.parthages.be\/eboutique\/wp-json\/wp\/v2\/product\/2180","targetHints":{"allow":["GET"]}}],"collection":[{"href":"https:\/\/www.parthages.be\/eboutique\/wp-json\/wp\/v2\/product"}],"about":[{"href":"https:\/\/www.parthages.be\/eboutique\/wp-json\/wp\/v2\/types\/product"}],"replies":[{"embeddable":true,"href":"https:\/\/www.parthages.be\/eboutique\/wp-json\/wp\/v2\/comments?post=2180"}],"wp:featuredmedia":[{"embeddable":true,"href":"https:\/\/www.parthages.be\/eboutique\/wp-json\/wp\/v2\/media\/2181"}],"wp:attachment":[{"href":"https:\/\/www.parthages.be\/eboutique\/wp-json\/wp\/v2\/media?parent=2180"}],"curies":[{"name":"wp","href":"https:\/\/api.w.org\/{rel}","templated":true}]}}