{"id":2188,"date":"2021-11-16T08:31:33","date_gmt":"2021-11-16T07:31:33","guid":{"rendered":"https:\/\/www.parthages.be\/eboutique\/?post_type=product&#038;p=2188"},"modified":"2022-03-23T17:08:19","modified_gmt":"2022-03-23T16:08:19","slug":"aider-les-enfants-en-difficulte-dapprentissage-cahier-dexercices","status":"publish","type":"product","link":"https:\/\/www.parthages.be\/eboutique\/produit\/aider-les-enfants-en-difficulte-dapprentissage-cahier-dexercices\/","title":{"rendered":"Aider les enfants en difficult\u00e9 d&rsquo;apprentissage : cahier d&rsquo;exercices"},"content":{"rendered":"<p>Cet ouvrage de Jean-Charles Juhel est un outil pratique qui a \u00e9t\u00e9 \u00e9labor\u00e9 tout particuli\u00e8rement \u00e0 l&rsquo;intention des parents, des intervenants et des p\u00e9dagogues qui sont en contact, de pr\u00e8s ou de loin, avec un ou plusieurs enfants en difficult\u00e9 d&rsquo;apprentissage. Il offre la possibilit\u00e9 de mieux conna\u00eetre ces jeunes, de comprendre leurs attitudes et leurs r\u00e9actions et, par le fait m\u00eame, d&rsquo;\u00eatre en mesure d&rsquo;intervenir efficacement aupr\u00e8s d&rsquo;eux.<\/p>\n<p><strong><a href=\"https:\/\/www.chroniquesociale.com\/index.php?ID=1011992&amp;detailObjID=3001392&amp;detailResults=1012241&amp;dataType=cata&amp;keyWords=juhel\">Le livre d&rsquo;accompagnement<\/a><\/strong><\/p>\n<p>(Pr\u00e9sentation de l\u2019\u00e9diteur)<\/p>\n<p>JUHEL J.<\/p>\n<p>Chronique Sociale- Presses de l&rsquo;universit\u00e9 de Laval<\/p>\n<p>1998-142p.-14.20\u20ac<\/p>\n<p>380gr<\/p>\n<p>ISBN\u00a0: 2-7637-7620-5<\/p>\n<p>Cote doc\u00a0: 4-50-JUH-A2<\/p>\n<span class=\"et_bloom_bottom_trigger\"><\/span>","protected":false},"excerpt":{"rendered":"<p>Cet ouvrage de Jean-Charles Juhel est un outil pratique qui a \u00e9t\u00e9 \u00e9labor\u00e9 tout particuli\u00e8rement \u00e0 l&rsquo;intention des parents, des intervenants et des p\u00e9dagogues qui sont en contact, de pr\u00e8s ou de loin, avec un ou plusieurs enfants en difficult\u00e9 d&rsquo;apprentissage.<\/p>\n","protected":false},"featured_media":2189,"comment_status":"closed","ping_status":"closed","template":"","meta":{"_et_pb_use_builder":"","_et_pb_old_content":"","_et_gb_content_width":"","spay_email":""},"class_list":["post-2188","product","type-product","status-publish","has-post-thumbnail","hentry","product_cat-livres","product_tag-apprentissage","product_tag-deficience-intellectuelle","product_tag-personne-handicapee"],"jetpack_sharing_enabled":true,"jetpack_likes_enabled":true,"_links":{"self":[{"href":"https:\/\/www.parthages.be\/eboutique\/wp-json\/wp\/v2\/product\/2188","targetHints":{"allow":["GET"]}}],"collection":[{"href":"https:\/\/www.parthages.be\/eboutique\/wp-json\/wp\/v2\/product"}],"about":[{"href":"https:\/\/www.parthages.be\/eboutique\/wp-json\/wp\/v2\/types\/product"}],"replies":[{"embeddable":true,"href":"https:\/\/www.parthages.be\/eboutique\/wp-json\/wp\/v2\/comments?post=2188"}],"wp:featuredmedia":[{"embeddable":true,"href":"https:\/\/www.parthages.be\/eboutique\/wp-json\/wp\/v2\/media\/2189"}],"wp:attachment":[{"href":"https:\/\/www.parthages.be\/eboutique\/wp-json\/wp\/v2\/media?parent=2188"}],"curies":[{"name":"wp","href":"https:\/\/api.w.org\/{rel}","templated":true}]}}