{"id":2190,"date":"2021-11-16T08:32:39","date_gmt":"2021-11-16T07:32:39","guid":{"rendered":"https:\/\/www.parthages.be\/eboutique\/?post_type=product&#038;p=2190"},"modified":"2021-11-16T08:32:40","modified_gmt":"2021-11-16T07:32:40","slug":"le-corps-et-ses-mouvements-physiologie-articulaire-et-reperage-de-structures-anatomiques","status":"publish","type":"product","link":"https:\/\/www.parthages.be\/eboutique\/produit\/le-corps-et-ses-mouvements-physiologie-articulaire-et-reperage-de-structures-anatomiques\/","title":{"rendered":"Le corps et ses mouvements: physiologie articulaire et rep\u00e9rage de structures anatomiques"},"content":{"rendered":"<p>Voici un ouvrage de r\u00e9f\u00e9rence qui s&rsquo;adresse \u00e0 tous les \u00e9tudiants et les \u00e9tudiantes qui poss\u00e8dent des notions de base en anatomie du syst\u00e8me musculo-squelettique et qui entreprennent une formation dans les domaines suivants : r\u00e9adaptation physique, techniques d&rsquo;orth\u00e8se et de proth\u00e8se, physioth\u00e9rapie, ergoth\u00e9rapie, m\u00e9decine. Le livre s&rsquo;adresse \u00e9galement \u00e0 toutes les personnes qui \u00e9tudient l&rsquo;anatomie du syst\u00e8me musculo-squelettique, ainsi qu&rsquo;\u00e0 celles qui utilisent des techniques corporelles dans leurs pratiques professionnelles, et qui d\u00e9sirent notamment mieux comprendre le fonctionnement des articulations du corps humain. Les \u00e9tudiants en kinanthropologie, en \u00e9ducation physique et en danse y trouveront des informations utiles et pr\u00e9cieuses. Cet ouvrage est un outil p\u00e9dagogique qui a \u00e9t\u00e9 con\u00e7u pour faciliter les apprentissages complexes de cette discipline. Les auteurs ont accompagn\u00e9 les notions th\u00e9oriques d&rsquo;exercices pratiques dont les applications sont tr\u00e8s r\u00e9pandues en milieu clinique. Le corps est \u00e9tudi\u00e9, r\u00e9gion par r\u00e9gion, chacune d&rsquo;elles faisant l&rsquo;objet d&rsquo;un chapitre au contenu toujours ordonn\u00e9 de la m\u00eame fa\u00e7on et abondamment illustr\u00e9. (Pr\u00e9sentation de l\u2019\u00e9diteur)<\/p>\n<p>HEBERT L.- CAMIRAND D.<\/p>\n<p>Editions Saint-Martin<\/p>\n<p>1996-269p.<\/p>\n<p>ISBN\u00a0: 2-89035-287-0<\/p>\n<p>Cote doc\u00a0: 4-50-HEB-C1<\/p>\n<p><strong><em>Uniquement \u00e0 la location<\/em><\/strong><\/p>\n<span class=\"et_bloom_bottom_trigger\"><\/span>","protected":false},"excerpt":{"rendered":"<p>Voici un ouvrage de r\u00e9f\u00e9rence qui s&rsquo;adresse \u00e0 tous les \u00e9tudiants et les \u00e9tudiantes qui poss\u00e8dent des notions de base en anatomie du syst\u00e8me musculo-squelettique et qui entreprennent une formation dans les domaines suivants&#8230;<\/p>\n","protected":false},"featured_media":2191,"comment_status":"closed","ping_status":"closed","template":"","meta":{"_et_pb_use_builder":"","_et_pb_old_content":"","_et_gb_content_width":"","spay_email":""},"class_list":["post-2190","product","type-product","status-publish","has-post-thumbnail","hentry","product_cat-livres","product_tag-anatomie","product_tag-ergotherapie","product_tag-kinesitherapie","product_tag-medecine","product_tag-os","product_tag-outil-pedagogique","product_tag-quebec"],"jetpack_sharing_enabled":true,"jetpack_likes_enabled":true,"_links":{"self":[{"href":"https:\/\/www.parthages.be\/eboutique\/wp-json\/wp\/v2\/product\/2190","targetHints":{"allow":["GET"]}}],"collection":[{"href":"https:\/\/www.parthages.be\/eboutique\/wp-json\/wp\/v2\/product"}],"about":[{"href":"https:\/\/www.parthages.be\/eboutique\/wp-json\/wp\/v2\/types\/product"}],"replies":[{"embeddable":true,"href":"https:\/\/www.parthages.be\/eboutique\/wp-json\/wp\/v2\/comments?post=2190"}],"wp:featuredmedia":[{"embeddable":true,"href":"https:\/\/www.parthages.be\/eboutique\/wp-json\/wp\/v2\/media\/2191"}],"wp:attachment":[{"href":"https:\/\/www.parthages.be\/eboutique\/wp-json\/wp\/v2\/media?parent=2190"}],"curies":[{"name":"wp","href":"https:\/\/api.w.org\/{rel}","templated":true}]}}