{"id":220,"date":"2012-09-26T15:30:43","date_gmt":"2012-09-26T13:30:43","guid":{"rendered":"https:\/\/www.parthages.be\/wordpress\/produit\/les-personnes-handicapees-des-citoyens-une-lecon-d-humanite\/"},"modified":"2012-09-26T15:30:43","modified_gmt":"2012-09-26T13:30:43","slug":"les-personnes-handicapees-des-citoyens-une-lecon-d-humanite","status":"publish","type":"product","link":"https:\/\/www.parthages.be\/eboutique\/produit\/les-personnes-handicapees-des-citoyens-une-lecon-d-humanite\/","title":{"rendered":"Les personnes handicap\u00e9es : des citoyens ! : Une le\u00e7on d&rsquo;humanit\u00e9"},"content":{"rendered":"<span class=\"et_bloom_bottom_trigger\"><\/span>","protected":false},"excerpt":{"rendered":"","protected":false},"featured_media":219,"comment_status":"open","ping_status":"closed","template":"","meta":{"_et_pb_use_builder":"","_et_pb_old_content":"","_et_gb_content_width":"","spay_email":""},"class_list":["post-220","product","type-product","status-publish","has-post-thumbnail","hentry","product_cat-livres","product_tag-citoyennete","product_tag-classification","product_tag-declaration-de-madrid","product_tag-deficience","product_tag-handicap","product_tag-incapacite","product_tag-oms","product_tag-representation","product_tag-representation-sociale","product_tag-temoignage"],"jetpack_sharing_enabled":true,"jetpack_likes_enabled":true,"_links":{"self":[{"href":"https:\/\/www.parthages.be\/eboutique\/wp-json\/wp\/v2\/product\/220","targetHints":{"allow":["GET"]}}],"collection":[{"href":"https:\/\/www.parthages.be\/eboutique\/wp-json\/wp\/v2\/product"}],"about":[{"href":"https:\/\/www.parthages.be\/eboutique\/wp-json\/wp\/v2\/types\/product"}],"replies":[{"embeddable":true,"href":"https:\/\/www.parthages.be\/eboutique\/wp-json\/wp\/v2\/comments?post=220"}],"wp:featuredmedia":[{"embeddable":true,"href":"https:\/\/www.parthages.be\/eboutique\/wp-json\/wp\/v2\/media\/219"}],"wp:attachment":[{"href":"https:\/\/www.parthages.be\/eboutique\/wp-json\/wp\/v2\/media?parent=220"}],"curies":[{"name":"wp","href":"https:\/\/api.w.org\/{rel}","templated":true}]}}