{"id":2200,"date":"2021-11-23T14:37:06","date_gmt":"2021-11-23T13:37:06","guid":{"rendered":"https:\/\/www.parthages.be\/eboutique\/?post_type=product&#038;p=2200"},"modified":"2022-03-23T17:18:00","modified_gmt":"2022-03-23T16:18:00","slug":"elever-un-enfant-handicape-de-la-naissance-aux-premiers-acquis-scolaires","status":"publish","type":"product","link":"https:\/\/www.parthages.be\/eboutique\/produit\/elever-un-enfant-handicape-de-la-naissance-aux-premiers-acquis-scolaires\/","title":{"rendered":"Elever un enfant handicap\u00e9: de la naissance aux premiers acquis scolaires"},"content":{"rendered":"<p><strong>Guide pour les parents<\/strong><\/p>\n<p>Ce livre est avant tout destin\u00e9 aux parents pour r\u00e9pondre \u00e0 leur d\u00e9sarroi et \u00e0 leurs multiples \u00ab\u00a0que faut-il faire\u00a0\u00bb ? Claude Della-Courtiade, orthophoniste de formation, aborde en premi\u00e8re partie l&rsquo;\u00e9veil du tout-petit : la stimulation visuelle, auditive, l&rsquo;\u00e9ducation motrice. En deuxi\u00e8me partie, il traite de la petite enfance : la nutrition, l&rsquo;habillage, l&rsquo;acquisition de la propret\u00e9, la toilette, l&rsquo;\u00e9ducation de la main, l&rsquo;acquisition du langage, d\u00e9placements et marche. Dans la troisi\u00e8me partie, il se centre sur les premiers acquis scolaires : la lecture, le temps, le calendrier, l&rsquo;introduction aux math\u00e9matiques, et l&rsquo;ordinateur. Dans la quatri\u00e8me partie enfin, il aborde la vie familiale et sociale : le comportement, l&rsquo;int\u00e9gration, les fr\u00e8res et s\u0153urs&#8230;<\/p>\n<p>DELLA-COURTIADE C.<\/p>\n<p>Editions Esf<\/p>\n<p>1988-185p.<\/p>\n<p>ISBN: 2-7101-0667-1<\/p>\n<p>Cote doc: 4-50-DEL-E<\/p>\n<p><strong><em>Uniquement \u00e0 la location<\/em><\/strong><\/p>\n<span class=\"et_bloom_bottom_trigger\"><\/span>","protected":false},"excerpt":{"rendered":"<p>Ce livre est avant tout destin\u00e9 aux parents pour r\u00e9pondre \u00e0 leur d\u00e9sarroi et \u00e0 leurs multiples \u00ab\u00a0que faut-il faire\u00a0\u00bb ?<\/p>\n","protected":false},"featured_media":2201,"comment_status":"closed","ping_status":"closed","template":"","meta":{"_et_pb_use_builder":"","_et_pb_old_content":"","_et_gb_content_width":"","spay_email":""},"class_list":["post-2200","product","type-product","status-publish","has-post-thumbnail","hentry","product_cat-livres","product_tag-aide-precoce","product_tag-apprentissage","product_tag-education","product_tag-enfant","product_tag-france","product_tag-parent","product_tag-personne-handicapee","product_tag-petite-enfance","product_tag-scolarite","product_tag-stimulation","product_tag-vie-en-societe","product_tag-vie-familiale"],"jetpack_sharing_enabled":true,"jetpack_likes_enabled":true,"_links":{"self":[{"href":"https:\/\/www.parthages.be\/eboutique\/wp-json\/wp\/v2\/product\/2200","targetHints":{"allow":["GET"]}}],"collection":[{"href":"https:\/\/www.parthages.be\/eboutique\/wp-json\/wp\/v2\/product"}],"about":[{"href":"https:\/\/www.parthages.be\/eboutique\/wp-json\/wp\/v2\/types\/product"}],"replies":[{"embeddable":true,"href":"https:\/\/www.parthages.be\/eboutique\/wp-json\/wp\/v2\/comments?post=2200"}],"wp:featuredmedia":[{"embeddable":true,"href":"https:\/\/www.parthages.be\/eboutique\/wp-json\/wp\/v2\/media\/2201"}],"wp:attachment":[{"href":"https:\/\/www.parthages.be\/eboutique\/wp-json\/wp\/v2\/media?parent=2200"}],"curies":[{"name":"wp","href":"https:\/\/api.w.org\/{rel}","templated":true}]}}