{"id":2202,"date":"2021-11-23T14:38:50","date_gmt":"2021-11-23T13:38:50","guid":{"rendered":"https:\/\/www.parthages.be\/eboutique\/?post_type=product&#038;p=2202"},"modified":"2021-11-23T14:38:51","modified_gmt":"2021-11-23T13:38:51","slug":"apprendre-sans-peur","status":"publish","type":"product","link":"https:\/\/www.parthages.be\/eboutique\/produit\/apprendre-sans-peur\/","title":{"rendered":"Apprendre sans peur"},"content":{"rendered":"<p>Peur de l&rsquo;\u00e9cole, du m\u00e9tier, de soi, des autres&#8230; Peur devant les difficult\u00e9s de la vie, la mort. La peur fait partie de notre quotidien. Elle a pu aussi \u00eatre inscrite comme un moyen pour \u00ab\u00a0mieux \u00e9duquer\u00a0\u00bb, \u00ab\u00a0mieux faire apprendre\u00a0\u00bb : peur de la sanction, peur d&rsquo;une relation conflictuelle&#8230;<\/p>\n<p>Antoine de La Garanderie en a fait l&rsquo;exp\u00e9rience tant dans son v\u00e9cu d&rsquo;\u00e9l\u00e8ve que d&rsquo;enseignant, puis p\u00e9dagogue de renom. En d\u00e9pit de croyances fortement \u00e9tablies, l&rsquo;auteur pense que ce n&rsquo;est pas en passant par la peur que l&rsquo;homme peut apprendre sereinement, peut acqu\u00e9rir la responsabilit\u00e9 de sa libert\u00e9.<\/p>\n<p>L&rsquo;auteur nous transmet dans cet ouvrage des convictions, une d\u00e9marche, des outils forg\u00e9s au fil de ses exp\u00e9riences, de ses observations.<\/p>\n<p>Enseignants, parents, \u00e9ducateurs trouveront au fil de ces pages des rep\u00e8res pour mieux se situer dans une relation \u00e9ducative. (Pr\u00e9sentation de l&rsquo;\u00e9diteur)<\/p>\n<p>DE LA GARANDERIE A.<\/p>\n<p>Chronique sociale<\/p>\n<p>1999-96p.-10.70\u20ac<\/p>\n<p>145gr<\/p>\n<p>ISBN: 2-85008-326-7<\/p>\n<p>Cote doc: 4-50-DEL-A<\/p>\n<span class=\"et_bloom_bottom_trigger\"><\/span>","protected":false},"excerpt":{"rendered":"<p>Peur de l&rsquo;\u00e9cole, du m\u00e9tier, de soi, des autres&#8230; Peur devant les difficult\u00e9s de la vie, la mort.<\/p>\n","protected":false},"featured_media":2203,"comment_status":"closed","ping_status":"closed","template":"","meta":{"_et_pb_use_builder":"","_et_pb_old_content":"","_et_gb_content_width":"","spay_email":""},"class_list":["post-2202","product","type-product","status-publish","has-post-thumbnail","hentry","product_cat-livres","product_tag-anxiete","product_tag-apprentissage","product_tag-autonomie","product_tag-connaissances","product_tag-depassement-de-soi","product_tag-education","product_tag-etat-desprit","product_tag-liberte","product_tag-pedagogie","product_tag-peur","product_tag-reussite"],"jetpack_sharing_enabled":true,"jetpack_likes_enabled":true,"_links":{"self":[{"href":"https:\/\/www.parthages.be\/eboutique\/wp-json\/wp\/v2\/product\/2202","targetHints":{"allow":["GET"]}}],"collection":[{"href":"https:\/\/www.parthages.be\/eboutique\/wp-json\/wp\/v2\/product"}],"about":[{"href":"https:\/\/www.parthages.be\/eboutique\/wp-json\/wp\/v2\/types\/product"}],"replies":[{"embeddable":true,"href":"https:\/\/www.parthages.be\/eboutique\/wp-json\/wp\/v2\/comments?post=2202"}],"wp:featuredmedia":[{"embeddable":true,"href":"https:\/\/www.parthages.be\/eboutique\/wp-json\/wp\/v2\/media\/2203"}],"wp:attachment":[{"href":"https:\/\/www.parthages.be\/eboutique\/wp-json\/wp\/v2\/media?parent=2202"}],"curies":[{"name":"wp","href":"https:\/\/api.w.org\/{rel}","templated":true}]}}