{"id":2209,"date":"2021-11-23T14:46:30","date_gmt":"2021-11-23T13:46:30","guid":{"rendered":"https:\/\/www.parthages.be\/eboutique\/?post_type=product&#038;p=2209"},"modified":"2021-11-23T14:46:31","modified_gmt":"2021-11-23T13:46:31","slug":"un-programme-universitaire-alternatif-une-evaluation-de-ses-diplome-e-s","status":"publish","type":"product","link":"https:\/\/www.parthages.be\/eboutique\/produit\/un-programme-universitaire-alternatif-une-evaluation-de-ses-diplome-e-s\/","title":{"rendered":"Un programme universitaire alternatif : une \u00e9valuation de ses dipl\u00f4m\u00e9-e-s"},"content":{"rendered":"<p>L&rsquo;ouvrage publie les r\u00e9sultats d&rsquo;un sondage effectu\u00e9 aupr\u00e8s des dipl\u00f4m\u00e9 (e)s d&rsquo;un programme universitaire alternatif : le Dipl\u00f4me de Formation en Education des Adultes (DFEA). Ce programme est bas\u00e9 sur le respect de l&rsquo;autonomie de la personne en situation d&rsquo;apprentissage, qui s&rsquo;engage alors dans un processus au cours duquel, \u00e0 l&rsquo;aide d&rsquo;un tuteur, elle apprend \u00e0 identifier ses besoins \u00e9ducatifs, \u00e0 d\u00e9terminer les moyens pour y r\u00e9pondre et \u00e0 choisir des modalit\u00e9s d&rsquo;\u00e9valuation appropri\u00e9es.<\/p>\n<p>CORMIER R A.- LE BLANC R.<\/p>\n<p>Eska Behavior Inc.<\/p>\n<p>1989-95p.<\/p>\n<p>ISBN: 2-7629-0016-6<\/p>\n<p>Cote doc\u00a0:\u00a04-50-COR-U<\/p>\n<p><strong><em>Uniquement \u00e0 la location<\/em><\/strong><\/p>\n<span class=\"et_bloom_bottom_trigger\"><\/span>","protected":false},"excerpt":{"rendered":"<p>L&rsquo;ouvrage publie les r\u00e9sultats d&rsquo;un sondage effectu\u00e9 aupr\u00e8s des dipl\u00f4m\u00e9 (e)s d&rsquo;un programme universitaire alternatif<\/p>\n","protected":false},"featured_media":2210,"comment_status":"closed","ping_status":"closed","template":"","meta":{"_et_pb_use_builder":"","_et_pb_old_content":"","_et_gb_content_width":"","spay_email":""},"class_list":["post-2209","product","type-product","status-publish","has-post-thumbnail","hentry","product_cat-livres","product_tag-education","product_tag-formation","product_tag-sondage","product_tag-universite"],"jetpack_sharing_enabled":true,"jetpack_likes_enabled":true,"_links":{"self":[{"href":"https:\/\/www.parthages.be\/eboutique\/wp-json\/wp\/v2\/product\/2209","targetHints":{"allow":["GET"]}}],"collection":[{"href":"https:\/\/www.parthages.be\/eboutique\/wp-json\/wp\/v2\/product"}],"about":[{"href":"https:\/\/www.parthages.be\/eboutique\/wp-json\/wp\/v2\/types\/product"}],"replies":[{"embeddable":true,"href":"https:\/\/www.parthages.be\/eboutique\/wp-json\/wp\/v2\/comments?post=2209"}],"wp:featuredmedia":[{"embeddable":true,"href":"https:\/\/www.parthages.be\/eboutique\/wp-json\/wp\/v2\/media\/2210"}],"wp:attachment":[{"href":"https:\/\/www.parthages.be\/eboutique\/wp-json\/wp\/v2\/media?parent=2209"}],"curies":[{"name":"wp","href":"https:\/\/api.w.org\/{rel}","templated":true}]}}