{"id":2223,"date":"2021-11-30T09:19:32","date_gmt":"2021-11-30T08:19:32","guid":{"rendered":"https:\/\/www.parthages.be\/eboutique\/?post_type=product&#038;p=2223"},"modified":"2021-11-30T09:19:33","modified_gmt":"2021-11-30T08:19:33","slug":"pedagogy-for-adult-learners-methods-and-strategies","status":"publish","type":"product","link":"https:\/\/www.parthages.be\/eboutique\/produit\/pedagogy-for-adult-learners-methods-and-strategies\/","title":{"rendered":"Pedagogy for adult learners: methods and strategies"},"content":{"rendered":"<p><strong><em>Traduction: P\u00e9dagogie pour des \u00e9tudiants adultes: m\u00e9thodes et strat\u00e9gies<\/em><\/strong><\/p>\n<p><strong><em>Models for Adult and Lifelong Learning Vol 2<\/em><\/strong><\/p>\n<p><strong><em>Traduction: Mod\u00e8les pour l&rsquo;apprentissage des adultes et tout au long de la vie vol 2<\/em><\/strong><\/p>\n<p><strong><em>Ouvrage en Anglais<\/em><\/strong><\/p>\n<p>COLLEGE OF LIFELONG LEARNING WAYNE STATE UNIVERSITY DETROIT MICHIGAN<\/p>\n<p>Daphne NTRI Editor<\/p>\n<p>Deuxi\u00e8me volume de \u00ab\u00a0mod\u00e8les pour adultes et formation continue\u00a0\u00bb.<\/p>\n<p>2001- 128p.<\/p>\n<p>ISBN: 0-911557-199<\/p>\n<p>Cote doc: 4-50-ALL-P1<\/p>\n<p><strong><em>Uniquement \u00e0 la location<\/em><\/strong><\/p>\n<span class=\"et_bloom_bottom_trigger\"><\/span>","protected":false},"excerpt":{"rendered":"<p>Traduction: P\u00e9dagogie pour des \u00e9tudiants adultes: m\u00e9thodes et strat\u00e9gies Models for Adult and Lifelong Learning Vol 2 Traduction: Mod\u00e8les pour l&rsquo;apprentissage des adultes et tout au long de la vie vol 2 Ouvrage en Anglais COLLEGE OF LIFELONG LEARNING WAYNE STATE UNIVERSITY DETROIT MICHIGAN Daphne NTRI Editor Deuxi\u00e8me volume de \u00ab\u00a0mod\u00e8les pour adultes et formation [&hellip;]<\/p>\n","protected":false},"featured_media":2224,"comment_status":"closed","ping_status":"closed","template":"","meta":{"_et_pb_use_builder":"","_et_pb_old_content":"","_et_gb_content_width":"","spay_email":""},"class_list":["post-2223","product","type-product","status-publish","has-post-thumbnail","hentry","product_cat-livres","product_tag-education-permanente","product_tag-sociologie"],"jetpack_sharing_enabled":true,"jetpack_likes_enabled":true,"_links":{"self":[{"href":"https:\/\/www.parthages.be\/eboutique\/wp-json\/wp\/v2\/product\/2223","targetHints":{"allow":["GET"]}}],"collection":[{"href":"https:\/\/www.parthages.be\/eboutique\/wp-json\/wp\/v2\/product"}],"about":[{"href":"https:\/\/www.parthages.be\/eboutique\/wp-json\/wp\/v2\/types\/product"}],"replies":[{"embeddable":true,"href":"https:\/\/www.parthages.be\/eboutique\/wp-json\/wp\/v2\/comments?post=2223"}],"wp:featuredmedia":[{"embeddable":true,"href":"https:\/\/www.parthages.be\/eboutique\/wp-json\/wp\/v2\/media\/2224"}],"wp:attachment":[{"href":"https:\/\/www.parthages.be\/eboutique\/wp-json\/wp\/v2\/media?parent=2223"}],"curies":[{"name":"wp","href":"https:\/\/api.w.org\/{rel}","templated":true}]}}