{"id":2230,"date":"2021-11-30T09:26:19","date_gmt":"2021-11-30T08:26:19","guid":{"rendered":"https:\/\/www.parthages.be\/eboutique\/?post_type=product&#038;p=2230"},"modified":"2021-11-30T09:26:19","modified_gmt":"2021-11-30T08:26:19","slug":"robotique-domotique-et-handicap","status":"publish","type":"product","link":"https:\/\/www.parthages.be\/eboutique\/produit\/robotique-domotique-et-handicap\/","title":{"rendered":"Robotique domotique et handicap"},"content":{"rendered":"<p>Le perfectionnement des robots leurs applications en m\u00e9decine ou dans la vie courante (robots de service) font appara\u00eetre des possibilit\u00e9s dans l&rsquo;aide aux personnes handicap\u00e9es en particulier dans la restauration de la locomotion. De m\u00eame la domotique peut apporter des aides techniques pour contr\u00f4ler l&rsquo;environnement et am\u00e9liorer les lieux de vie des personnes d\u00e9pendantes \u00e2g\u00e9es ou handicap\u00e9es. Cet ouvrage fait part d&rsquo;exp\u00e9riences o\u00f9 robotique et domotique sont au service de la d\u00e9pendance et y apportent des solutions innovantes. (Pr\u00e9sentation de l\u2019\u00e9diteur)<\/p>\n<p>ENJALBERT M. &#8211; GABUS J.C. &#8211; BUSNEL M.<\/p>\n<p>Masson<\/p>\n<p>2001- 115 p.<\/p>\n<p>ISBN\u00a0: 2-294-00595-3<\/p>\n<p>Cote doc\u00a0: 4-40-ENJ-R<\/p>\n<p><strong><em>Uniquement \u00e0 la location<\/em><\/strong><\/p>\n<span class=\"et_bloom_bottom_trigger\"><\/span>","protected":false},"excerpt":{"rendered":"<p>Le perfectionnement des robots leurs applications en m\u00e9decine ou dans la vie courante (robots de service) font appara\u00eetre des possibilit\u00e9s dans l&rsquo;aide aux personnes handicap\u00e9es en particulier dans la restauration de la locomotion.<\/p>\n","protected":false},"featured_media":2231,"comment_status":"closed","ping_status":"closed","template":"","meta":{"_et_pb_use_builder":"","_et_pb_old_content":"","_et_gb_content_width":"","spay_email":""},"class_list":["post-2230","product","type-product","status-publish","has-post-thumbnail","hentry","product_cat-livres","product_tag-aide-technique","product_tag-domotique","product_tag-evaluation","product_tag-personne-agee","product_tag-personne-handicapee","product_tag-prothese","product_tag-readaptation","product_tag-robotique"],"jetpack_sharing_enabled":true,"jetpack_likes_enabled":true,"_links":{"self":[{"href":"https:\/\/www.parthages.be\/eboutique\/wp-json\/wp\/v2\/product\/2230","targetHints":{"allow":["GET"]}}],"collection":[{"href":"https:\/\/www.parthages.be\/eboutique\/wp-json\/wp\/v2\/product"}],"about":[{"href":"https:\/\/www.parthages.be\/eboutique\/wp-json\/wp\/v2\/types\/product"}],"replies":[{"embeddable":true,"href":"https:\/\/www.parthages.be\/eboutique\/wp-json\/wp\/v2\/comments?post=2230"}],"wp:featuredmedia":[{"embeddable":true,"href":"https:\/\/www.parthages.be\/eboutique\/wp-json\/wp\/v2\/media\/2231"}],"wp:attachment":[{"href":"https:\/\/www.parthages.be\/eboutique\/wp-json\/wp\/v2\/media?parent=2230"}],"curies":[{"name":"wp","href":"https:\/\/api.w.org\/{rel}","templated":true}]}}