{"id":2234,"date":"2021-11-30T09:33:51","date_gmt":"2021-11-30T08:33:51","guid":{"rendered":"https:\/\/www.parthages.be\/eboutique\/?post_type=product&#038;p=2234"},"modified":"2021-11-30T09:36:12","modified_gmt":"2021-11-30T08:36:12","slug":"apprendre-a-chercher-lacteur-social-et-la-recherche-scientifique-2eme-edition","status":"publish","type":"product","link":"https:\/\/www.parthages.be\/eboutique\/produit\/apprendre-a-chercher-lacteur-social-et-la-recherche-scientifique-2eme-edition\/","title":{"rendered":"Apprendre \u00e0 chercher : l&rsquo;acteur social et la recherche scientifique 2\u00e8me \u00e9dition"},"content":{"rendered":"<p>Cet outil de travail s&rsquo;adresse \u00e0 l&rsquo;\u00e9tudiant et au professionnel amen\u00e9s \u00e0 mettre en oeuvre un processus de recherche. Sans pr\u00e9tendre \u00e0 l&rsquo;exhaustivit\u00e9 m\u00e9thodologique, il indique les grands courants et les principales techniques utilis\u00e9es dans une d\u00e9marche rigoureuse d&rsquo;observation et d&rsquo;analyse en sciences humaines. Son objectif est double. Elaborer, \u00e0 partir d&rsquo;un terrain concret, la base scientifique d&rsquo;une recherche ma\u00eetris\u00e9e et organis\u00e9e, puis g\u00e9rer et articuler les diff\u00e9rentes \u00e9tapes de la recherche, de l&rsquo;explicitation de l&rsquo;hypoth\u00e8se aux analyses, en passant par la ma\u00eetrise d&rsquo;un cadre th\u00e9orique et de diverses techniques d&rsquo;observation. Gr\u00e2ce \u00e0 de nombreuses illustrations concr\u00e8tes, ce manuel pratique fait d\u00e9couvrir la complexit\u00e9 de l&rsquo;observation empirique d&rsquo;une r\u00e9alit\u00e9 sociale. (Pr\u00e9sentation de l\u2019\u00e9diteur)<\/p>\n<p>ALBARELLO L.<\/p>\n<p>Editions De Boeck Universit\u00e9<\/p>\n<p>2004-197p.<\/p>\n<p>ISBN\u00a0: 2-8041-4173-X<\/p>\n<p>Cote doc\u00a0: 4-50-ALB-A<\/p>\n<p><strong><em>Uniquement \u00e0 la location<\/em><\/strong><\/p>\n<span class=\"et_bloom_bottom_trigger\"><\/span>","protected":false},"excerpt":{"rendered":"<p>Cet outil de travail s&rsquo;adresse \u00e0 l&rsquo;\u00e9tudiant et au professionnel amen\u00e9s \u00e0 mettre en oeuvre un processus de recherche. Sans pr\u00e9tendre \u00e0 l&rsquo;exhaustivit\u00e9 m\u00e9thodologique<\/p>\n","protected":false},"featured_media":2236,"comment_status":"closed","ping_status":"closed","template":"","meta":{"_et_pb_use_builder":"","_et_pb_old_content":"","_et_gb_content_width":"","spay_email":""},"class_list":["post-2234","product","type-product","status-publish","has-post-thumbnail","hentry","product_cat-livres","product_tag-assistant-social","product_tag-educateur","product_tag-enseignant","product_tag-etudiant","product_tag-infirmier","product_tag-methodologie","product_tag-outil-pedagogique","product_tag-recherche","product_tag-sciences-humaines"],"jetpack_sharing_enabled":true,"jetpack_likes_enabled":true,"_links":{"self":[{"href":"https:\/\/www.parthages.be\/eboutique\/wp-json\/wp\/v2\/product\/2234","targetHints":{"allow":["GET"]}}],"collection":[{"href":"https:\/\/www.parthages.be\/eboutique\/wp-json\/wp\/v2\/product"}],"about":[{"href":"https:\/\/www.parthages.be\/eboutique\/wp-json\/wp\/v2\/types\/product"}],"replies":[{"embeddable":true,"href":"https:\/\/www.parthages.be\/eboutique\/wp-json\/wp\/v2\/comments?post=2234"}],"wp:featuredmedia":[{"embeddable":true,"href":"https:\/\/www.parthages.be\/eboutique\/wp-json\/wp\/v2\/media\/2236"}],"wp:attachment":[{"href":"https:\/\/www.parthages.be\/eboutique\/wp-json\/wp\/v2\/media?parent=2234"}],"curies":[{"name":"wp","href":"https:\/\/api.w.org\/{rel}","templated":true}]}}