{"id":2239,"date":"2021-11-30T09:39:33","date_gmt":"2021-11-30T08:39:33","guid":{"rendered":"https:\/\/www.parthages.be\/eboutique\/?post_type=product&#038;p=2239"},"modified":"2021-11-30T09:39:34","modified_gmt":"2021-11-30T08:39:34","slug":"guide-de-bonnes-pratiques-pour-lamenagement-de-cheminements-pietons-accessibles-a-tous","status":"publish","type":"product","link":"https:\/\/www.parthages.be\/eboutique\/produit\/guide-de-bonnes-pratiques-pour-lamenagement-de-cheminements-pietons-accessibles-a-tous\/","title":{"rendered":"Guide de bonnes pratiques pour l&rsquo;am\u00e9nagement de cheminements pi\u00e9tons accessibles \u00e0 tous"},"content":{"rendered":"<p><strong><em>Brochure<\/em><\/strong><\/p>\n<p>Compos\u00e9 de trois livrets th\u00e9oriques, compl\u00e9t\u00e9 par des fiches techniques, ce manuel permet \u00e0 toute personne charg\u00e9e de l&rsquo;am\u00e9nagement des espaces publics, comme les conseillers en mobilit\u00e9s, de favoriser une int\u00e9gration toujours plus grande des personnes \u00e0 mobilit\u00e9 r\u00e9duite.<\/p>\n<p>Editions Met<\/p>\n<p>2006<\/p>\n<p>Cote doc\u00a0: 4-40-MET-G<\/p>\n<p><strong><em>Uniquement \u00e0 la location<\/em><\/strong><\/p>\n<span class=\"et_bloom_bottom_trigger\"><\/span>","protected":false},"excerpt":{"rendered":"<p>Brochure Compos\u00e9 de trois livrets th\u00e9oriques, compl\u00e9t\u00e9 par des fiches techniques, ce manuel permet \u00e0 toute personne charg\u00e9e de l&rsquo;am\u00e9nagement des espaces publics, comme les conseillers en mobilit\u00e9s, de favoriser une int\u00e9gration toujours plus grande des personnes \u00e0 mobilit\u00e9 r\u00e9duite. Editions Met 2006 Cote doc\u00a0: 4-40-MET-G Uniquement \u00e0 la location<\/p>\n","protected":false},"featured_media":2240,"comment_status":"closed","ping_status":"closed","template":"","meta":{"_et_pb_use_builder":"","_et_pb_old_content":"","_et_gb_content_width":"","spay_email":""},"class_list":["post-2239","product","type-product","status-publish","has-post-thumbnail","hentry","product_cat-livres","product_tag-acces","product_tag-acces-au-batiment","product_tag-amenagement-du-territoire","product_tag-integration","product_tag-personne-a-mobilite-reduite","product_tag-trafic","product_tag-transport","product_tag-urbanisme"],"jetpack_sharing_enabled":true,"jetpack_likes_enabled":true,"_links":{"self":[{"href":"https:\/\/www.parthages.be\/eboutique\/wp-json\/wp\/v2\/product\/2239","targetHints":{"allow":["GET"]}}],"collection":[{"href":"https:\/\/www.parthages.be\/eboutique\/wp-json\/wp\/v2\/product"}],"about":[{"href":"https:\/\/www.parthages.be\/eboutique\/wp-json\/wp\/v2\/types\/product"}],"replies":[{"embeddable":true,"href":"https:\/\/www.parthages.be\/eboutique\/wp-json\/wp\/v2\/comments?post=2239"}],"wp:featuredmedia":[{"embeddable":true,"href":"https:\/\/www.parthages.be\/eboutique\/wp-json\/wp\/v2\/media\/2240"}],"wp:attachment":[{"href":"https:\/\/www.parthages.be\/eboutique\/wp-json\/wp\/v2\/media?parent=2239"}],"curies":[{"name":"wp","href":"https:\/\/api.w.org\/{rel}","templated":true}]}}